{"id":4775,"date":"2023-03-10T18:05:57","date_gmt":"2023-03-10T17:05:57","guid":{"rendered":"https:\/\/mercura-industries.ch\/agb\/"},"modified":"2023-10-17T08:20:15","modified_gmt":"2023-10-17T07:20:15","slug":"agb","status":"publish","type":"page","link":"https:\/\/mercura-industries.ch\/de\/agb\/","title":{"rendered":"AGB"},"content":{"rendered":"<div class=\"row row-full-width\"  id=\"row-2073980169\">\n\n\t<div id=\"col-460481923\" class=\"col small-12 large-12\"  >\n\t\t\t\t<div class=\"col-inner\"  >\n\t\t\t\n\t\t\t\n\t<div id=\"gap-351509278\" class=\"gap-element clearfix\" style=\"display:block; height:auto;\">\n\t\t\n<style>\n#gap-351509278 {\n  padding-top: 30px;\n}\n<\/style>\n\t<\/div>\n\t\n  <div id=\"page-header-1295837522\" class=\"page-header-wrapper\">\n  <div class=\"page-title light divided-title\">\n\n    \n    <div class=\"page-title-inner container align-center text-center flex-row-col medium-flex-wrap\" >\n            <div class=\"title-content flex-col\">\n        <div class=\"title-breadcrumbs pb-half pt-half\"><nav class=\"woocommerce-breadcrumb breadcrumbs uppercase\">Startseite<\/nav><\/div>      <\/div>\n    <\/div>\n\n       <\/div>\n  <div class=\"container header-wrapper-divider\"><hr\/><\/div>  <\/div>\n  \n\t\t<\/div>\n\t\t\t\t\t<\/div>\n\n\t\n<\/div>\n<div class=\"row\"  id=\"row-1337952889\">\n\n\t<div id=\"col-1511212047\" class=\"col small-12 large-12\"  >\n\t\t\t\t<div class=\"col-inner\"  >\n\t\t\t\n\t\t\t<span style=\"color: #f99b1c;\"><strong>1. Geltungsbereich:<\/strong><\/span><\/p>\n<p><span style=\"font-size: 80%;\">Die vorliegenden Allgemeinen Gesch\u00e4ftsbedingungen sind Bestandteil jedes zwischen MERCURA INDUSTRIES SUISSE SA und ihren Kunden abgeschlossenen Vertrags.<\/span><\/p>\n<p><span style=\"font-size: 80%;\">Diese Bedingungen gelten f\u00fcr alle Bestellungen oder Vertr\u00e4ge, es sei denn, diese sind Gegenstand von Ausnahmen, die durch besondere, vom K\u00e4ufer und Verk\u00e4ufer best\u00e4tigte Klauseln geregelt sind.<\/span><\/p>\n<p><span style=\"font-size: 80%;\">MERCURA INDUSTRIES SUISSE SA ist an keine Bedingung des Kunden gebunden, die im Widerspruch zu den vorliegenden Allgemeinen Verkaufsbedingungen steht.<\/span><\/p>\n<p><span style=\"color: #f99b1c;\"><strong>2. Lieferungen:<\/strong><\/span><\/p>\n<p><span style=\"font-size: 80%;\">Die Lieferfristen gelten nur als Richtwerte und sind unverbindlich, es sei denn, zwischen den Parteien wurde in der Angebotsphase ein Termin vereinbart und best\u00e4tigt.<\/span><\/p>\n<p><span style=\"font-size: 80%;\">Die Frist gilt nach Eingang der Bestellung und der Anzahlung und ber\u00fccksichtigt nicht alle technischen \u00c4nderungen, die vom K\u00e4ufer ausgehen.<\/span><\/p>\n<p><span style=\"font-size: 80%;\">MERCURA INDUSTRIES SUISSE SA haftet nicht f\u00fcr Lieferverz\u00f6gerungen, die auf Betriebsst\u00f6rungen bei ihren Lieferanten zur\u00fcckzuf\u00fchren sind, wie z.B. Streiks, Nichtverf\u00fcgbarkeit von Rohstoffen, Pandemien oder andere F\u00e4lle h\u00f6herer Gewalt.<\/span><\/p>\n<p><span style=\"font-size: 80%;\">Der K\u00e4ufer kann in keinem Fall von MERCURA INDUSTRIES SUISSE SA Strafzahlungen, Entsch\u00e4digungen oder sonstige Verg\u00fctungen f\u00fcr versp\u00e4tete Lieferungen verlangen.<\/span><\/p>\n<p><span style=\"font-size: 80%;\">Alle Lieferungen erfolgen \u201eam Fuss des Lastwagens\u201c, alle Installationen vor Ort des K\u00e4ufers im Erdgeschoss oder in den Stockwerken sind Gegenstand eines Zusatzes zur Bestellung.<\/span><\/p>\n<p><span style=\"font-size: 80%;\">Die verschiedenen Verpackungen wie Kartons, Paletten, Holzkisten, Schaumstoffe, Nylon usw. werden von MERCURA INDUSTRIES SUISSE SA nicht zur\u00fcckgenommen, die Entfernung und die Behandlung dieser Abf\u00e4lle gehen zu Lasten des K\u00e4ufers, es sei denn, die Parteien haben vorher etwas anderes vereinbart.<\/span><\/p>\n<p><span style=\"font-size: 80%;\">Die Lieferkosten gehen stets zu Lasten des K\u00e4ufers, sofern im Preisangebot bzw. im Vertrag nichts anderes angegeben ist.<\/span><\/p>\n<p><span style=\"font-size: 80%;\">Der Transport der Ware erfolgt auf Risiko des Empf\u00e4ngers durch Transportunternehmen unserer Wahl. Im Falle von Transportsch\u00e4den m\u00fcssen diese schriftlich bei den mit der Lieferung beauftragten Transportunternehmen gemeldet werden.<\/span><\/p>\n<p><span style=\"font-size: 80%;\">F\u00fcr Lieferungen nach Terminvereinbarung, Datum oder Uhrzeit, die der K\u00e4ufer vorschreibt, wird ein Aufschlag auf den urspr\u00fcnglichen Bestellwert erhoben.<\/span><\/p>\n<p><span style=\"color: #f99b1c;\"><strong>3. Geistiges Eigentum:<\/strong><\/span><\/p>\n<p><span style=\"font-size: 80%;\">Alle Pl\u00e4ne, Skizzen und Muster d\u00fcrfen ohne die Genehmigung von MERCURA INDUSTRIES SUISSE SA weder ganz noch teilweise reproduziert oder kopiert werden.<\/span><\/p>\n<p><span style=\"font-size: 80%;\">Dasselbe gilt f\u00fcr Ausr\u00fcstungen oder Produkte, die vor\u00fcbergehend zu Demonstrationszwecken zur Verf\u00fcgung gestellt werden.<\/span><\/p>\n<p><span style=\"color: #f99b1c;\"><strong>4. Angebote, Preise und Zahlungsbedingungen:<\/strong><\/span><\/p>\n<p><span style=\"font-size: 80%;\">Die in unseren Verkaufsunterlagen und Preislisten enthaltenen Angaben oder Abbildungen sind grunds\u00e4tzlich unverbindlich und k\u00f6nnen jederzeit ohne Vorank\u00fcndigung ge\u00e4ndert werden.<\/span><\/p>\n<p><span style=\"font-size: 80%;\">Alle Preise verstehen sich in Schweizer Franken (CHF) ohne Mehrwertsteuer.<\/span><\/p>\n<p><span style=\"font-size: 80%;\">Sofern nicht anders vereinbart, sind alle Waren innerhalb von 30 Tagen netto ab Rechnungsdatum und ohne Abzug zahlbar.<\/span><\/p>\n<p><span style=\"font-size: 80%;\">Bei Bestellungen \u00fcber 5000 CHF kann MERCURA INDUSTRIES SUISSE SA eine Zahlung von :<\/span><\/p>\n<p><span style=\"font-size: 80%;\">40% bei Bestellung<\/span><\/p>\n<p><span style=\"font-size: 80%;\">30% bei Lieferung (oder bei Bereitstellung in der Fabrik, falls der Kunde die Lieferung von Waren mit Zustimmung von MERCURA INDUSTRIES SUISSE SA aufschieben m\u00f6chte).<\/span><\/p>\n<p><span style=\"font-size: 80%;\">Der Restbetrag innerhalb von 30 Tagen netto ab Rechnungsdatum.<\/span><\/p>\n<p><span style=\"font-size: 80%;\">In jedem Fall sind die 100% der Auftragssumme 60 Tage nach Bereitstellung im Werk zu bezahlen.<\/span><\/p>\n<p><span style=\"font-size: 80%;\">Zahlungsweise: Alle Zahlungen erfolgen per Bank\u00fcberweisung an MERCURA INDUSTRIES SUISSE SA, gem\u00e4ss der in den Angeboten, Bestellungen oder Rechnungen angegebenen Bankverbindung.<\/span><\/p>\n<p><span style=\"font-size: 80%;\">Der K\u00e4ufer kann weder aufrechnen noch ein Zur\u00fcckbehaltungsrecht geltend machen.<\/span><\/p>\n<p><span style=\"font-size: 80%;\">Mindestrechnungsbetrag: 100 CHF \u2013 Verwaltungsgeb\u00fchr f\u00fcr einen niedrigeren Rechnungsbetrag: 25 CHF.<\/span><\/p>\n<p><span style=\"font-size: 80%;\">Bei einem Zahlungsverzug von mehr als 30 Tagen beh\u00e4lt sich MERCURA INDUSTRIES SUISSE SA das Recht vor, Ausgleichszinsen zu verlangen und den K\u00e4ufer gegebenenfalls bei den zust\u00e4ndigen Verwaltungsstellen anzuzeigen.<\/span><\/p>\n<p><span style=\"color: #f99b1c;\"><strong>5. \u00dcbertragung des Eigentums:<\/strong><\/span><\/p>\n<p><span style=\"font-size: 80%;\">Der Eigentums\u00fcbergang erfolgt mit der vollst\u00e4ndigen Bezahlung der Ware.<\/span><\/p>\n<p><span style=\"font-size: 80%;\">Bei Zahlungsverzug ist MERCURA INDUSTRIES SUISSE SA auch ohne Aus\u00fcbung ihres R\u00fccktrittsrechts und ohne Setzung einer Nachfrist berechtigt, die Herausgabe der Ware auf Kosten des K\u00e4ufers zu verlangen.<\/span><\/p>\n<h4><span style=\"color: #f99b1c;\"><strong>6. Garantie, Haftung:<\/strong><\/span><\/h4>\n<p><span style=\"font-size: 80%;\">Die Garantie gilt f\u00fcr 24 Monate, sofern keine anderen Bedingungen festgelegt wurden. Die Garantiezeit beginnt mit dem Datum der Lieferung der Waren.<\/span><\/p>\n<p><span style=\"font-size: 80%;\">Geringf\u00fcgige Abweichungen berechtigen nicht zu Reklamationen.<\/span><\/p>\n<p><span style=\"font-size: 80%;\">Beanstandete Waren d\u00fcrfen nur mit schriftlicher Genehmigung von MERCURA INDUSTRIES SUISSE SA und nur auf Kosten und Risiko des K\u00e4ufers zur\u00fcckgesandt werden.<\/span><\/p>\n<p><span style=\"font-size: 80%;\">Die Gew\u00e4hrleistungsanspr\u00fcche beschr\u00e4nken sich auf die Haftungsanspr\u00fcche, die wir gegen\u00fcber unseren Lieferanten haben.<\/span><\/p>\n<p><span style=\"font-size: 80%;\">Die Feststellung von M\u00e4ngeln muss MERCURA INDUSTRIES SUISSE SA bei offensichtlichen M\u00e4ngeln sp\u00e4testens innerhalb von 48 Stunden nach Erhalt der Ware und bei versteckten M\u00e4ngeln unverz\u00fcglich nach deren Entdeckung schriftlich mitgeteilt werden. Der K\u00e4ufer hat MERCURA INDUSTRIES SUISSE SA die zur Vornahme der Nachbesserung oder Ersatzlieferung erforderliche Zeit zu gew\u00e4hren.<\/span><\/p>\n<p><span style=\"font-size: 80%;\">MERCURA INDUSTRIES SUISSE SA haftet nicht f\u00fcr materielle oder immaterielle Sch\u00e4den, Folgesch\u00e4den, direkte oder indirekte Sch\u00e4den jeglicher Art, wie z.B. Betriebsausfall, Gewinnausfall, Gewinn oder andere, die im Zusammenhang mit Produkten von MERCURA INDUSTRIES SUISSE SA entstehen.<\/span><\/p>\n<p><span style=\"font-size: 80%;\"><strong>AUSSCHL\u00dcSSE:<\/strong> Nicht von der allgemeinen Garantie abgedeckt sind :<\/span><\/p>\n<p><span style=\"font-size: 80%;\">Die Batterien (Garantie 6 Monate)<\/span><br \/>\n<span style=\"font-size: 80%;\">Die Sattlerei (Garantie 1 Jahr)<\/span><br \/>\n<span style=\"font-size: 80%;\">Produkte nach abnormaler oder missbr\u00e4uchlicher Verwendung (fehlende Reinigung oder unsachgem\u00e4\u00dfe Pflege).<\/span><br \/>\n<span style=\"font-size: 80%;\">Sch\u00e4den, die durch die Stromversorgung verursacht werden<\/span><\/p>\n<p><span style=\"color: #f99b1c;\"><strong>7. K\u00fcndigung des Vertrags:<\/strong><\/span><\/p>\n<p><span style=\"font-size: 80%;\">Wenn der Kunde seine Bestellung vor der Lieferung der Ware storniert, beh\u00e4lt sich MERCURA INDUSTRIES SUISSE SA das Recht vor, je nach Produktionsstand der Artikel bis zu 70 % des Gesamtauftragswertes in Rechnung zu stellen.<\/span><\/p>\n<p><span style=\"font-size: 80%;\">Ausgenommen von dieser Regel sind Sonder- oder Ma\u00dfanfertigungen, bei denen 100 % des Betrages in Rechnung gestellt werden.<\/span><\/p>\n<p><span style=\"font-size: 100%; color: #f99b1c;\"><strong>8. R\u00fccknahme oder R\u00fccksendung der Ware:<\/strong><\/span><\/p>\n<p><span style=\"font-size: 80%;\">Eine R\u00fcckgabe von Waren ist ohne vorherige schriftliche Zustimmung von MERCURA INDUSTRIES SUISSE SA nicht m\u00f6glich.<\/span><\/p>\n<p><span style=\"font-size: 80%;\">In allen F\u00e4llen, in denen eine Warenr\u00fcckgabe von MERCURA INDUSTRIES SUISSE SA akzeptiert wird, erfolgt diese auf Rechnung und Kosten des K\u00e4ufers, in der Originalverpackung und sp\u00e4testens 10 Tage nach Erhalt und wird durch eine Gutschrift ausgeglichen, von der MERCURA INDUSTRIES SUISSE SA bis zu 70% des Warenwertes einbehalten kann.<\/span><\/p>\n<p><span style=\"font-size: 80%;\">Sonder- und Massanfertigungen sind von R\u00fcckgabe und Umtausch ausgeschlossen.<\/span><\/p>\n<p><span style=\"font-size: 80%;\">In allen F\u00e4llen, in denen eine Warenr\u00fccksendung von MERCURA INDUSTRIES SUISSE SA akzeptiert wird, erfolgt diese zu Lasten und auf Kosten des K\u00e4ufers, in der Originalverpackung und sp\u00e4testens 10 Tage nach Erhalt der Ware.<\/span><\/p>\n<p><span style=\"color: #f99b1c;\"><strong>9. Rechtsstreitigkeiten :<\/strong><\/span><\/p>\n<p><span style=\"font-size: 80%;\">Im Falle eines streitigen Verfahrens ist der Gerichtsstand das Gericht von Neuch\u00e2tel.<\/span>\t\t<\/div>\n\t\t\t\t\t<\/div>\n\n\t\n<\/div>\n","protected":false},"excerpt":{"rendered":"","protected":false},"author":6,"featured_media":0,"parent":0,"menu_order":0,"comment_status":"closed","ping_status":"closed","template":"","meta":[],"_links":{"self":[{"href":"https:\/\/mercura-industries.ch\/de\/wp-json\/wp\/v2\/pages\/4775"}],"collection":[{"href":"https:\/\/mercura-industries.ch\/de\/wp-json\/wp\/v2\/pages"}],"about":[{"href":"https:\/\/mercura-industries.ch\/de\/wp-json\/wp\/v2\/types\/page"}],"author":[{"embeddable":true,"href":"https:\/\/mercura-industries.ch\/de\/wp-json\/wp\/v2\/users\/6"}],"replies":[{"embeddable":true,"href":"https:\/\/mercura-industries.ch\/de\/wp-json\/wp\/v2\/comments?post=4775"}],"version-history":[{"count":6,"href":"https:\/\/mercura-industries.ch\/de\/wp-json\/wp\/v2\/pages\/4775\/revisions"}],"predecessor-version":[{"id":5416,"href":"https:\/\/mercura-industries.ch\/de\/wp-json\/wp\/v2\/pages\/4775\/revisions\/5416"}],"wp:attachment":[{"href":"https:\/\/mercura-industries.ch\/de\/wp-json\/wp\/v2\/media?parent=4775"}],"curies":[{"name":"wp","href":"https:\/\/api.w.org\/{rel}","templated":true}]}}