{"id":4645,"date":"2023-03-10T12:06:10","date_gmt":"2023-03-10T11:06:10","guid":{"rendered":"https:\/\/mercura-industries.ch\/iso-modul-sortiment\/"},"modified":"2023-03-10T12:06:11","modified_gmt":"2023-03-10T11:06:11","slug":"iso-modul-sortiment","status":"publish","type":"page","link":"https:\/\/mercura-industries.ch\/de\/iso-modul-sortiment\/","title":{"rendered":"Iso-Modul Sortiment"},"content":{"rendered":"\t<div id=\"gap-1388687039\" class=\"gap-element clearfix\" style=\"display:block; height:auto;\">\n\t\t\n<style>\n#gap-1388687039 {\n  padding-top: 30px;\n}\n<\/style>\n\t<\/div>\n\t\n<div class=\"row row-full-width\"  id=\"row-888348125\">\n\n\t<div id=\"col-621845269\" class=\"col small-12 large-12\"  >\n\t\t\t\t<div class=\"col-inner\"  >\n\t\t\t\n\t\t\t\n\t<div id=\"gap-1247407584\" class=\"gap-element clearfix\" style=\"display:block; height:auto;\">\n\t\t\n<style>\n#gap-1247407584 {\n  padding-top: 30px;\n}\n<\/style>\n\t<\/div>\n\t\n  <div id=\"page-header-2035890363\" class=\"page-header-wrapper\">\n  <div class=\"page-title light divided-title\">\n\n    \n    <div class=\"page-title-inner container align-center text-center flex-row-col medium-flex-wrap\" >\n            <div class=\"title-content flex-col\">\n        <div class=\"title-breadcrumbs pb-half pt-half\"><nav class=\"woocommerce-breadcrumb breadcrumbs uppercase\">Startseite<\/nav><\/div>      <\/div>\n    <\/div>\n\n       <\/div>\n  <div class=\"container header-wrapper-divider\"><hr\/><\/div>  <\/div>\n  \n\t\t<\/div>\n\t\t\t\t\t<\/div>\n\n\t\n<\/div>\n\t<div id=\"gap-992652714\" class=\"gap-element clearfix\" style=\"display:block; height:auto;\">\n\t\t\n<style>\n#gap-992652714 {\n  padding-top: 30px;\n}\n<\/style>\n\t<\/div>\n\t\n\t<section class=\"section\" id=\"section_1591703536\">\n\t\t<div class=\"bg section-bg fill bg-fill  bg-loaded\" >\n\n\t\t\t\n\t\t\t<div class=\"section-bg-overlay absolute fill\"><\/div>\n\t\t\t\n\n\t\t<\/div>\n\n\t\t\n\n\t\t<div class=\"section-content relative\">\n\t\t\t\n<div class=\"row row-large align-middle\"  id=\"row-1140284448\">\n\n\t<div id=\"col-1225196531\" class=\"col medium-6 small-12 large-6\"  >\n\t\t\t\t<div class=\"col-inner text-center\"  >\n\t\t\t\n\t\t\t\n<h3><span style=\"color: #f99b1c;\">Wussten Sie, dass Computerwagen mit Schubladen und praktisch alle unsere medizinischen Wagen mit Iso- oder 1\/2-Iso-K\u00f6rben kompatibel sind? M\u00f6chten Sie mehr dar\u00fcber erfahren?<\/span><\/h3>\n<a rel=\"noopener noreferrer\" href=\"https:\/\/mercura-industries.ch\/de\/kontakt\/\" target=\"_blank\" class=\"button primary is-outline is-small\"  style=\"border-radius:99px;\">\n    <span>KONTAKTIEREN SIE UNS<\/span>\n  <\/a>\n\n\t\t<\/div>\n\t\t\t\t\t<\/div>\n\n\t\n\n\t<div id=\"col-773360556\" class=\"col medium-6 small-12 large-6\"  >\n\t\t\t\t<div class=\"col-inner\"  >\n\t\t\t\n\t\t\t\n\t<div class=\"img has-hover x md-x lg-x y md-y lg-y\" id=\"image_1777761659\">\n\t\t\t\t\t\t\t\t<div class=\"img-inner image-zoom dark\" >\n\t\t\t<img width=\"1020\" height=\"678\" src=\"https:\/\/mercura-industries.ch\/wp-content\/uploads\/2022\/06\/de\u0301tail-tiroir-pour-panier.jpg\" class=\"attachment-large size-large\" alt=\"\" decoding=\"async\" loading=\"lazy\" srcset=\"https:\/\/mercura-industries.ch\/wp-content\/uploads\/2022\/06\/de\u0301tail-tiroir-pour-panier.jpg 2240w, https:\/\/mercura-industries.ch\/wp-content\/uploads\/2022\/06\/de\u0301tail-tiroir-pour-panier-300x199.jpg 300w\" sizes=\"(max-width: 1020px) 100vw, 1020px\" \/>\t\t\t\t\t\t\n\t\t\t\t\t<\/div>\n\t\t\t\t\t\t\t\t\n<style>\n#image_1777761659 {\n  width: 62%;\n}\n<\/style>\n\t<\/div>\n\t\n\t\t<\/div>\n\t\t\t\t\t<\/div>\n\n\t\n<\/div>\n\t\t<\/div>\n\n\t\t\n<style>\n#section_1591703536 {\n  padding-top: 60px;\n  padding-bottom: 60px;\n  background-color: rgb(193, 193, 193);\n}\n#section_1591703536 .section-bg-overlay {\n  background-color: rgba(255, 255, 255, 0.85);\n}\n<\/style>\n\t<\/section>\n\t\n\t<div id=\"gap-1555250871\" class=\"gap-element clearfix\" style=\"display:block; height:auto;\">\n\t\t\n<style>\n#gap-1555250871 {\n  padding-top: 30px;\n}\n<\/style>\n\t<\/div>\n\t\n\t<div id=\"gap-1121979396\" class=\"gap-element clearfix\" style=\"display:block; height:auto;\">\n\t\t\n<style>\n#gap-1121979396 {\n  padding-top: 30px;\n}\n<\/style>\n\t<\/div>\n\t\n<div class=\"row\"  id=\"row-1276088089\">\n\n\t<div id=\"col-677179391\" class=\"col medium-4 small-12 large-4\"  >\n\t\t\t\t<div class=\"col-inner\"  >\n\t\t\t\n\t\t\t\n\t<div class=\"img has-hover x md-x lg-x y md-y lg-y\" id=\"image_62019988\">\n\t\t\t\t\t\t\t\t<div class=\"img-inner image-zoom dark\" >\n\t\t\t<img width=\"1020\" height=\"680\" src=\"https:\/\/mercura-industries.ch\/wp-content\/uploads\/2022\/06\/MG_0423_frei-copie-scaled.jpg\" class=\"attachment-large size-large\" alt=\"\" decoding=\"async\" loading=\"lazy\" srcset=\"https:\/\/mercura-industries.ch\/wp-content\/uploads\/2022\/06\/MG_0423_frei-copie-scaled.jpg 2560w, https:\/\/mercura-industries.ch\/wp-content\/uploads\/2022\/06\/MG_0423_frei-copie-scaled-300x200.jpg 300w\" sizes=\"(max-width: 1020px) 100vw, 1020px\" \/>\t\t\t\t\t\t\n\t\t\t\t\t<\/div>\n\t\t\t\t\t\t\t\t\n<style>\n#image_62019988 {\n  width: 100%;\n}\n<\/style>\n\t<\/div>\n\t\n\t\t<\/div>\n\t\t\t\t\t<\/div>\n\n\t\n\n\t<div id=\"col-1916217170\" class=\"col medium-4 small-12 large-4\"  >\n\t\t\t\t<div class=\"col-inner\"  >\n\t\t\t\n\t\t\t\n\t<div class=\"img has-hover x md-x lg-x y md-y lg-y\" id=\"image_343385837\">\n\t\t\t\t\t\t\t\t<div class=\"img-inner image-zoom dark\" >\n\t\t\t<img width=\"1020\" height=\"606\" src=\"https:\/\/mercura-industries.ch\/wp-content\/uploads\/2022\/06\/MG_2971-copie-scaled.jpg\" class=\"attachment-large size-large\" alt=\"\" decoding=\"async\" loading=\"lazy\" srcset=\"https:\/\/mercura-industries.ch\/wp-content\/uploads\/2022\/06\/MG_2971-copie-scaled.jpg 2560w, https:\/\/mercura-industries.ch\/wp-content\/uploads\/2022\/06\/MG_2971-copie-scaled-300x178.jpg 300w\" sizes=\"(max-width: 1020px) 100vw, 1020px\" \/>\t\t\t\t\t\t\n\t\t\t\t\t<\/div>\n\t\t\t\t\t\t\t\t\n<style>\n#image_343385837 {\n  width: 100%;\n}\n<\/style>\n\t<\/div>\n\t\n\t\t<\/div>\n\t\t\t\t\t<\/div>\n\n\t\n\n\t<div id=\"col-1309446236\" class=\"col medium-4 small-12 large-4\"  >\n\t\t\t\t<div class=\"col-inner\"  >\n\t\t\t\n\t\t\t\n\t<div class=\"img has-hover x md-x lg-x y md-y lg-y\" id=\"image_1888710161\">\n\t\t\t\t\t\t\t\t<div class=\"img-inner image-zoom dark\" >\n\t\t\t<img width=\"1020\" height=\"680\" src=\"https:\/\/mercura-industries.ch\/wp-content\/uploads\/2022\/06\/L9A0569.jpg\" class=\"attachment-large size-large\" alt=\"\" decoding=\"async\" loading=\"lazy\" srcset=\"https:\/\/mercura-industries.ch\/wp-content\/uploads\/2022\/06\/L9A0569.jpg 2402w, https:\/\/mercura-industries.ch\/wp-content\/uploads\/2022\/06\/L9A0569-300x200.jpg 300w\" sizes=\"(max-width: 1020px) 100vw, 1020px\" \/>\t\t\t\t\t\t\n\t\t\t\t\t<\/div>\n\t\t\t\t\t\t\t\t\n<style>\n#image_1888710161 {\n  width: 100%;\n}\n<\/style>\n\t<\/div>\n\t\n\t\t<\/div>\n\t\t\t\t\t<\/div>\n\n\t\n<\/div>\n\t<section class=\"section\" id=\"section_28587342\">\n\t\t<div class=\"bg section-bg fill bg-fill  bg-loaded\" >\n\n\t\t\t\n\t\t\t<div class=\"section-bg-overlay absolute fill\"><\/div>\n\t\t\t\n\n\t\t<\/div>\n\n\t\t\n\n\t\t<div class=\"section-content relative\">\n\t\t\t\n<div class=\"row row-large align-middle\"  id=\"row-970784609\">\n\n\t<div id=\"col-791392717\" class=\"col medium-6 small-12 large-6\"  >\n\t\t\t\t<div class=\"col-inner\"  >\n\t\t\t\n\t\t\t\n\t<div class=\"img has-hover x md-x lg-x y md-y lg-y\" id=\"image_1615247294\">\n\t\t\t\t\t\t\t\t<div class=\"img-inner image-zoom dark\" >\n\t\t\t<img width=\"1020\" height=\"574\" src=\"https:\/\/mercura-industries.ch\/wp-content\/uploads\/2022\/06\/79000337900040.png\" class=\"attachment-large size-large\" alt=\"\" decoding=\"async\" loading=\"lazy\" srcset=\"https:\/\/mercura-industries.ch\/wp-content\/uploads\/2022\/06\/79000337900040.png 1920w, https:\/\/mercura-industries.ch\/wp-content\/uploads\/2022\/06\/79000337900040-300x169.png 300w\" sizes=\"(max-width: 1020px) 100vw, 1020px\" \/>\t\t\t\t\t\t\n\t\t\t\t\t<\/div>\n\t\t\t\t\t\t\t\t\n<style>\n#image_1615247294 {\n  width: 100%;\n}\n<\/style>\n\t<\/div>\n\t\n\t\t<\/div>\n\t\t\t\t\t<\/div>\n\n\t\n\n\t<div id=\"col-1341209706\" class=\"col medium-6 small-12 large-6\"  >\n\t\t\t\t<div class=\"col-inner text-left\"  >\n\t\t\t\n\t\t\t\n<h2><span style=\"color: #f99b1c;\">ISO-MODUL L\u00d6SUNGEN<\/span><\/h2>\n<p>Organisation von Schubladen, ISO-K\u00f6rben, Trennw\u00e4nden, Etiketten f\u00fcr Kanban-Systeme, Organisation von Schr\u00e4nken, K\u00fchlschr\u00e4nken, Lagerung, Regalen, ABS-W\u00e4nden oder Schubladen f\u00fcr Apotheken&#8230; Hier gibt es eine ganze Reihe von Produkten zu entdecken!<\/p>\n<a rel=\"noopener noreferrer\" href=\"https:\/\/mercura-industries.ch\/PDF\/MERCURA%20HH%20MED%20DE.pdf\" target=\"_blank\" class=\"button primary is-outline is-small\"  style=\"border-radius:99px;\">\n    <span>ZUM PDF<\/span>\n  <\/a>\n\n\t\t<\/div>\n\t\t\t\t\t<\/div>\n\n\t\n<\/div>\n\t\t<\/div>\n\n\t\t\n<style>\n#section_28587342 {\n  padding-top: 60px;\n  padding-bottom: 60px;\n  background-color: rgb(193, 193, 193);\n}\n#section_28587342 .section-bg-overlay {\n  background-color: rgba(255, 255, 255, 0.85);\n}\n<\/style>\n\t<\/section>\n\t\n\t<div id=\"gap-1832513141\" class=\"gap-element clearfix\" style=\"display:block; height:auto;\">\n\t\t\n<style>\n#gap-1832513141 {\n  padding-top: 30px;\n}\n<\/style>\n\t<\/div>\n\t\n<h3><span style=\"color: #f99b1c;\">Chariots &amp; armoires pour paniers modulaires :<\/span><\/h3>\n\t<div id=\"gap-1124957587\" class=\"gap-element clearfix\" style=\"display:block; height:auto;\">\n\t\t\n<style>\n#gap-1124957587 {\n  padding-top: 30px;\n}\n<\/style>\n\t<\/div>\n\t\n<div class=\"row row-small align-middle align-center row-divided\"  id=\"row-33399082\">\n\n\t<div id=\"col-1981722264\" class=\"col medium-3 small-6 large-3\"  >\n\t\t\t\t<div class=\"col-inner\"  >\n\t\t\t\n\t\t\t\n\t<div class=\"box has-hover   has-hover box-bounce box-text-bottom\" >\n\n\t\t<div class=\"box-image\" style=\"width:60%;\">\n\t\t\t\t\t\t<div class=\"image-zoom\" >\n\t\t\t\t<img width=\"1707\" height=\"2560\" src=\"https:\/\/mercura-industries.ch\/wp-content\/uploads\/2018\/10\/BACCARAT-scaled.jpg\" class=\"attachment- size-\" alt=\"\" decoding=\"async\" loading=\"lazy\" srcset=\"https:\/\/mercura-industries.ch\/wp-content\/uploads\/2018\/10\/BACCARAT-scaled.jpg 1707w, https:\/\/mercura-industries.ch\/wp-content\/uploads\/2018\/10\/BACCARAT-scaled-300x450.jpg 300w, https:\/\/mercura-industries.ch\/wp-content\/uploads\/2018\/10\/BACCARAT-267x400.jpg 267w, https:\/\/mercura-industries.ch\/wp-content\/uploads\/2018\/10\/BACCARAT-768x1152.jpg 768w, https:\/\/mercura-industries.ch\/wp-content\/uploads\/2018\/10\/BACCARAT-533x800.jpg 533w, https:\/\/mercura-industries.ch\/wp-content\/uploads\/2018\/10\/BACCARAT-510x765.jpg 510w\" sizes=\"(max-width: 1707px) 100vw, 1707px\" \/>\t\t\t\t\t\t\t\t\t\t\t<\/div>\n\t\t\t\t\t<\/div>\n\n\t\t<div class=\"box-text text-center\" style=\"background-color:rgba(208, 208, 208, 0.22);\">\n\t\t\t<div class=\"box-text-inner\">\n\t\t\t\t\n<h4>BACCARAT<\/h4>\n<div class=\"row row-collapse row-full-width align-bottom align-center\"  id=\"row-64721385\">\n\n\t<div id=\"col-2027352265\" class=\"col medium-11 large-11\"  >\n\t\t\t\t<div class=\"col-inner\"  >\n\t\t\t\n\t\t\t\n<a rel=\"noopener noreferrer\" href=\"https:\/\/mercura-industries.ch\/PDF\/BACCARAT%20FR-DE.pdf\" target=\"_blank\" class=\"button primary is-outline is-small\"  style=\"border-radius:99px;\">\n    <span>zum PDF<\/span>\n  <\/a>\n\n\t\t<\/div>\n\t\t\t\t\t<\/div>\n\n\t\n<\/div>\n\t\t\t<\/div>\n\t\t<\/div>\n\t<\/div>\n\t\n\t\t<\/div>\n\t\t\t\t\t<\/div>\n\n\t\n\n\t<div id=\"col-1108490605\" class=\"col medium-3 small-6 large-3\"  >\n\t\t\t\t<div class=\"col-inner\"  >\n\t\t\t\n\t\t\t\n\t<div class=\"box has-hover   has-hover box-bounce box-text-bottom\" >\n\n\t\t<div class=\"box-image\" style=\"width:89%;\">\n\t\t\t\t\t\t<div class=\"image-zoom image-cover\" style=\"padding-top:100%;\">\n\t\t\t\t<img width=\"1772\" height=\"1706\" src=\"https:\/\/mercura-industries.ch\/wp-content\/uploads\/2022\/06\/N204-MODUL-sfodno-bianco.jpg\" class=\"attachment- size-\" alt=\"\" decoding=\"async\" loading=\"lazy\" srcset=\"https:\/\/mercura-industries.ch\/wp-content\/uploads\/2022\/06\/N204-MODUL-sfodno-bianco.jpg 1772w, https:\/\/mercura-industries.ch\/wp-content\/uploads\/2022\/06\/N204-MODUL-sfodno-bianco-300x289.jpg 300w\" sizes=\"(max-width: 1772px) 100vw, 1772px\" \/>\t\t\t\t\t\t\t\t\t\t\t<\/div>\n\t\t\t\t\t<\/div>\n\n\t\t<div class=\"box-text text-center\" style=\"background-color:rgba(208, 208, 208, 0.22);\">\n\t\t\t<div class=\"box-text-inner\">\n\t\t\t\t\n<h4>SIRACUSA<\/h4>\n<div class=\"row row-collapse row-full-width align-middle align-center\"  id=\"row-1140429089\">\n\n\t<div id=\"col-958444032\" class=\"col medium-10 large-10\"  >\n\t\t\t\t<div class=\"col-inner\"  >\n\t\t\t\n\t\t\t\n<a rel=\"noopener noreferrer\" href=\"https:\/\/mercura-industries.ch\/PDF\/SIRACUSA%20FR-DE.pdf\" target=\"_blank\" class=\"button primary is-outline is-small\"  style=\"border-radius:99px;\">\n    <span>zum PDF<\/span>\n  <\/a>\n\n\t\t<\/div>\n\t\t\t\t\t<\/div>\n\n\t\n<\/div>\n\t\t\t<\/div>\n\t\t<\/div>\n\t<\/div>\n\t\n\t\t<\/div>\n\t\t\t\t\t<\/div>\n\n\t\n\n\t<div id=\"col-1079382871\" class=\"col medium-3 small-6 large-3\"  >\n\t\t\t\t<div class=\"col-inner\"  >\n\t\t\t\n\t\t\t\n\t<div class=\"box has-hover   has-hover box-bounce box-text-bottom\" >\n\n\t\t<div class=\"box-image\" style=\"width:88%;\">\n\t\t\t\t\t\t<div class=\"image-zoom image-cover\" style=\"padding-top:100%;\">\n\t\t\t\t<img width=\"2560\" height=\"1920\" src=\"https:\/\/mercura-industries.ch\/wp-content\/uploads\/2022\/06\/OP-RACKI2-scaled.jpg\" class=\"attachment- size-\" alt=\"\" decoding=\"async\" loading=\"lazy\" srcset=\"https:\/\/mercura-industries.ch\/wp-content\/uploads\/2022\/06\/OP-RACKI2-scaled.jpg 2560w, https:\/\/mercura-industries.ch\/wp-content\/uploads\/2022\/06\/OP-RACKI2-scaled-300x225.jpg 300w\" sizes=\"(max-width: 2560px) 100vw, 2560px\" \/>\t\t\t\t\t\t\t\t\t\t\t<\/div>\n\t\t\t\t\t<\/div>\n\n\t\t<div class=\"box-text text-center\" style=\"background-color:rgba(208, 208, 208, 0.22);\">\n\t\t\t<div class=\"box-text-inner\">\n\t\t\t\t\n<h4>PROPRIANO<\/h4>\n<div class=\"row row-collapse row-full-width align-bottom align-center\"  id=\"row-511153005\">\n\n\t<div id=\"col-1341617499\" class=\"col medium-11 large-11\"  >\n\t\t\t\t<div class=\"col-inner\"  >\n\t\t\t\n\t\t\t\n<a rel=\"noopener noreferrer\" href=\"https:\/\/mercura-industries.ch\/PDF\/PROPRIANO%20FR-DE.pdf\" target=\"_blank\" class=\"button primary is-outline is-small\"  style=\"border-radius:99px;\">\n    <span>zum PDF<\/span>\n  <\/a>\n\n\t\t<\/div>\n\t\t\t\t\t<\/div>\n\n\t\n<\/div>\n\t\t\t<\/div>\n\t\t<\/div>\n\t<\/div>\n\t\n\t\t<\/div>\n\t\t\t\t\t<\/div>\n\n\t\n\n\t<div id=\"col-74725749\" class=\"col medium-3 small-6 large-3\"  >\n\t\t\t\t<div class=\"col-inner\"  >\n\t\t\t\n\t\t\t\n\t<div class=\"box has-hover   has-hover box-bounce box-text-bottom\" >\n\n\t\t<div class=\"box-image\" style=\"width:88%;\">\n\t\t\t<a href=\"https:\/\/mercura-industries.ch\/wp-content\/uploads\/2021\/09\/HH_Katalog_Hospital_2017_EN.jpg\" >\t\t\t<div class=\"image-zoom image-cover\" style=\"padding-top:100%;\">\n\t\t\t\t<img width=\"688\" height=\"476\" src=\"https:\/\/mercura-industries.ch\/wp-content\/uploads\/2021\/03\/FLEXSHELF-HH.jpg\" class=\"attachment- size-\" alt=\"\" decoding=\"async\" loading=\"lazy\" srcset=\"https:\/\/mercura-industries.ch\/wp-content\/uploads\/2021\/03\/FLEXSHELF-HH.jpg 688w, https:\/\/mercura-industries.ch\/wp-content\/uploads\/2021\/03\/FLEXSHELF-HH-300x208.jpg 300w\" sizes=\"(max-width: 688px) 100vw, 688px\" \/>\t\t\t\t\t\t\t\t\t\t\t<\/div>\n\t\t\t<\/a>\t\t<\/div>\n\n\t\t<div class=\"box-text text-center\" style=\"background-color:rgba(208, 208, 208, 0.22);\">\n\t\t\t<div class=\"box-text-inner\">\n\t\t\t\t\n<h4>FLEXSHELF<\/h4>\n<div class=\"row row-collapse row-full-width align-bottom align-center\"  id=\"row-327253256\">\n\n\t<div id=\"col-324086817\" class=\"col medium-11 large-11\"  >\n\t\t\t\t<div class=\"col-inner\"  >\n\t\t\t\n\t\t\t\n<a rel=\"noopener noreferrer\" href=\"https:\/\/mercura-industries.ch\/PDF\/FLEX%20FR.pdf\" target=\"_blank\" class=\"button primary is-outline is-small\"  style=\"border-radius:99px;\">\n    <span>zum PDF<\/span>\n  <\/a>\n\n\t\t<\/div>\n\t\t\t\t\t<\/div>\n\n\t\n<\/div>\n\t\t\t<\/div>\n\t\t<\/div>\n\t<\/div>\n\t\n\t\t<\/div>\n\t\t\t\t\t<\/div>\n\n\t\n<\/div>\n\t<div id=\"gap-1043551649\" class=\"gap-element clearfix\" style=\"display:block; height:auto;\">\n\t\t\n<style>\n#gap-1043551649 {\n  padding-top: 30px;\n}\n<\/style>\n\t<\/div>\n\t\n<div class=\"row\"  id=\"row-1275550650\">\n<\/div>\n","protected":false},"excerpt":{"rendered":"<p>Chariots &amp; armoires pour paniers modulaires :<\/p>\n","protected":false},"author":6,"featured_media":0,"parent":0,"menu_order":0,"comment_status":"closed","ping_status":"closed","template":"","meta":[],"_links":{"self":[{"href":"https:\/\/mercura-industries.ch\/de\/wp-json\/wp\/v2\/pages\/4645"}],"collection":[{"href":"https:\/\/mercura-industries.ch\/de\/wp-json\/wp\/v2\/pages"}],"about":[{"href":"https:\/\/mercura-industries.ch\/de\/wp-json\/wp\/v2\/types\/page"}],"author":[{"embeddable":true,"href":"https:\/\/mercura-industries.ch\/de\/wp-json\/wp\/v2\/users\/6"}],"replies":[{"embeddable":true,"href":"https:\/\/mercura-industries.ch\/de\/wp-json\/wp\/v2\/comments?post=4645"}],"version-history":[{"count":4,"href":"https:\/\/mercura-industries.ch\/de\/wp-json\/wp\/v2\/pages\/4645\/revisions"}],"predecessor-version":[{"id":4649,"href":"https:\/\/mercura-industries.ch\/de\/wp-json\/wp\/v2\/pages\/4645\/revisions\/4649"}],"wp:attachment":[{"href":"https:\/\/mercura-industries.ch\/de\/wp-json\/wp\/v2\/media?parent=4645"}],"curies":[{"name":"wp","href":"https:\/\/api.w.org\/{rel}","templated":true}]}}