{"id":4638,"date":"2023-03-10T12:03:02","date_gmt":"2023-03-10T11:03:02","guid":{"rendered":"https:\/\/mercura-industries.ch\/website-in-wartung\/"},"modified":"2023-03-10T12:03:03","modified_gmt":"2023-03-10T11:03:03","slug":"website-in-wartung","status":"publish","type":"page","link":"https:\/\/mercura-industries.ch\/de\/website-in-wartung\/","title":{"rendered":"Website in Wartung"},"content":{"rendered":"<div class=\"row row-full-width\"  id=\"row-661659059\">\n\n\t<div id=\"col-1872345799\" class=\"col small-12 large-12\"  >\n\t\t\t\t<div class=\"col-inner\"  >\n\t\t\t\n\t\t\t\n\t<div id=\"gap-833789631\" class=\"gap-element clearfix\" style=\"display:block; height:auto;\">\n\t\t\n<style>\n#gap-833789631 {\n  padding-top: 30px;\n}\n<\/style>\n\t<\/div>\n\t\n  <div id=\"page-header-1825996456\" class=\"page-header-wrapper\">\n  <div class=\"page-title light divided-title\">\n\n    \n    <div class=\"page-title-inner container align-center text-center flex-row-col medium-flex-wrap\" >\n            <div class=\"title-content flex-col\">\n        <div class=\"title-breadcrumbs pb-half pt-half\"><nav class=\"woocommerce-breadcrumb breadcrumbs uppercase\">Startseite<\/nav><\/div>      <\/div>\n    <\/div>\n\n       <\/div>\n  <div class=\"container header-wrapper-divider\"><hr\/><\/div>  <\/div>\n  \n\t\t<\/div>\n\t\t\t\t\t<\/div>\n\n\t\n<\/div>\n<div class=\"row row-small align-middle align-center row-divided\"  id=\"row-1567915742\">\n<\/div>\n<div class=\"row\"  id=\"row-1456535747\">\n\n\t<div id=\"col-1629602359\" class=\"col small-12 large-12\"  >\n\t\t\t\t<div class=\"col-inner box-shadow-2\"  >\n\t\t\t\n\t\t\t\n<div class=\"message-box relative\" style=\"padding-top:15px;padding-bottom:15px;\"><div class=\"message-box-bg-image bg-fill fill\" ><\/div><div class=\"message-box-bg-overlay bg-fill fill\" ><\/div><div class=\"container relative\"><div class=\"inner last-reset\">\n<div class=\"row align-middle align-center\"  id=\"row-1983992185\">\n\n\t<div id=\"col-1816328513\" class=\"col medium-6 small-12 large-6\"  >\n\t\t\t\t<div class=\"col-inner text-center\"  >\n\t\t\t\n\t\t\t\n\t<div class=\"img has-hover x md-x lg-x y md-y lg-y\" id=\"image_1193342093\">\n\t\t\t\t\t\t\t\t<div class=\"img-inner box-shadow-3-hover dark\" >\n\t\t\t<img width=\"1002\" height=\"910\" src=\"https:\/\/mercura-industries.ch\/wp-content\/uploads\/2022\/07\/BONHOMME-CHANTIER.png\" class=\"attachment-large size-large\" alt=\"\" decoding=\"async\" loading=\"lazy\" srcset=\"https:\/\/mercura-industries.ch\/wp-content\/uploads\/2022\/07\/BONHOMME-CHANTIER.png 1002w, https:\/\/mercura-industries.ch\/wp-content\/uploads\/2022\/07\/BONHOMME-CHANTIER-300x272.png 300w\" sizes=\"(max-width: 1002px) 100vw, 1002px\" \/>\t\t\t\t\t\t\n\t\t\t\t\t<\/div>\n\t\t\t\t\t\t\t\t\n<style>\n#image_1193342093 {\n  width: 100%;\n}\n<\/style>\n\t<\/div>\n\t\n<h5>Diese Seite ist derzeit nicht verf\u00fcgbar.<\/h5>\n<h5>Wir f\u00fchren derzeit \u00c4nderungen durch.<\/h5>\n<h5>Wir entschuldigen uns f\u00fcr diese Unannehmlichkeiten und bem\u00fchen uns, sie so schnell wie m\u00f6glich zu beheben.<\/h5>\n<h5>\nVielen Dank f\u00fcr Ihr Verst\u00e4ndnis.<\/h5>\n<h5>Bitte z\u00f6gern Sie nicht, uns zu kontaktieren. Wir freuen uns darauf, Ihre Fragen zu beantworten.<\/h5>\n\t\t<\/div>\n\t\t\t\t\t<\/div>\n\n\t\n\n\t<div id=\"col-417266292\" class=\"col medium-2 small-12 large-2\"  >\n\t\t\t\t<div class=\"col-inner text-center\"  >\n\t\t\t\n\t\t\t\n<a rel=\"noopener noreferrer\" href=\"https:\/\/mercura-industries.ch\/de\/kontakt\/\" target=\"_blank\" class=\"button primary is-outline is-small box-shadow-2\"  style=\"border-radius:99px;\">\n    <span>Kontaktieren Sie uns<\/span>\n  <\/a>\n\n\t\t<\/div>\n\t\t\t\t\t<\/div>\n\n\t\n<\/div>\n<\/div><\/div><\/div>\n\t\t<\/div>\n\t\t\t\t\t<\/div>\n\n\t\n<\/div>\n<h4><\/h4>\n","protected":false},"excerpt":{"rendered":"","protected":false},"author":6,"featured_media":0,"parent":0,"menu_order":0,"comment_status":"closed","ping_status":"closed","template":"","meta":[],"_links":{"self":[{"href":"https:\/\/mercura-industries.ch\/de\/wp-json\/wp\/v2\/pages\/4638"}],"collection":[{"href":"https:\/\/mercura-industries.ch\/de\/wp-json\/wp\/v2\/pages"}],"about":[{"href":"https:\/\/mercura-industries.ch\/de\/wp-json\/wp\/v2\/types\/page"}],"author":[{"embeddable":true,"href":"https:\/\/mercura-industries.ch\/de\/wp-json\/wp\/v2\/users\/6"}],"replies":[{"embeddable":true,"href":"https:\/\/mercura-industries.ch\/de\/wp-json\/wp\/v2\/comments?post=4638"}],"version-history":[{"count":4,"href":"https:\/\/mercura-industries.ch\/de\/wp-json\/wp\/v2\/pages\/4638\/revisions"}],"predecessor-version":[{"id":4642,"href":"https:\/\/mercura-industries.ch\/de\/wp-json\/wp\/v2\/pages\/4638\/revisions\/4642"}],"wp:attachment":[{"href":"https:\/\/mercura-industries.ch\/de\/wp-json\/wp\/v2\/media?parent=4638"}],"curies":[{"name":"wp","href":"https:\/\/api.w.org\/{rel}","templated":true}]}}