{"id":4616,"date":"2023-03-10T11:40:52","date_gmt":"2023-03-10T10:40:52","guid":{"rendered":"https:\/\/mercura-industries.ch\/apotheke\/"},"modified":"2023-03-10T11:40:53","modified_gmt":"2023-03-10T10:40:53","slug":"apotheke","status":"publish","type":"page","link":"https:\/\/mercura-industries.ch\/de\/apotheke\/","title":{"rendered":"Apotheke"},"content":{"rendered":"\t<div id=\"gap-1392305883\" class=\"gap-element clearfix\" style=\"display:block; height:auto;\">\n\t\t\n<style>\n#gap-1392305883 {\n  padding-top: 30px;\n}\n<\/style>\n\t<\/div>\n\t\n<div class=\"row row-full-width\"  id=\"row-1452359480\">\n\n\t<div id=\"col-1424624856\" class=\"col small-12 large-12\"  >\n\t\t\t\t<div class=\"col-inner\"  >\n\t\t\t\n\t\t\t\n\t<div id=\"gap-85723862\" class=\"gap-element clearfix\" style=\"display:block; height:auto;\">\n\t\t\n<style>\n#gap-85723862 {\n  padding-top: 30px;\n}\n<\/style>\n\t<\/div>\n\t\n  <div id=\"page-header-1953155073\" class=\"page-header-wrapper\">\n  <div class=\"page-title light divided-title\">\n\n    \n    <div class=\"page-title-inner container align-center text-center flex-row-col medium-flex-wrap\" >\n            <div class=\"title-content flex-col\">\n        <div class=\"title-breadcrumbs pb-half pt-half\"><nav class=\"woocommerce-breadcrumb breadcrumbs uppercase\">Startseite<\/nav><\/div>      <\/div>\n    <\/div>\n\n       <\/div>\n  <div class=\"container header-wrapper-divider\"><hr\/><\/div>  <\/div>\n  \n\t\t<\/div>\n\t\t\t\t\t<\/div>\n\n\t\n<\/div>\n\t<div id=\"gap-614504673\" class=\"gap-element clearfix\" style=\"display:block; height:auto;\">\n\t\t\n<style>\n#gap-614504673 {\n  padding-top: 30px;\n}\n<\/style>\n\t<\/div>\n\t\n\t<div id=\"gap-1659916740\" class=\"gap-element clearfix\" style=\"display:block; height:auto;\">\n\t\t\n<style>\n#gap-1659916740 {\n  padding-top: 30px;\n}\n<\/style>\n\t<\/div>\n\t\n\t<div id=\"gap-1204710209\" class=\"gap-element clearfix\" style=\"display:block; height:auto;\">\n\t\t\n<style>\n#gap-1204710209 {\n  padding-top: 30px;\n}\n<\/style>\n\t<\/div>\n\t\n<div class=\"row\"  id=\"row-173669351\">\n\n\t<div id=\"col-1159283377\" class=\"col medium-4 small-12 large-4\"  >\n\t\t\t\t<div class=\"col-inner\"  >\n\t\t\t\n\t\t\t\n\t<div class=\"img has-hover x md-x lg-x y md-y lg-y\" id=\"image_1457949511\">\n\t\t\t\t\t\t\t\t<div class=\"img-inner image-zoom dark\" >\n\t\t\t<img width=\"1020\" height=\"680\" src=\"https:\/\/mercura-industries.ch\/wp-content\/uploads\/2022\/06\/MG_0423_frei-copie-scaled.jpg\" class=\"attachment-large size-large\" alt=\"\" decoding=\"async\" loading=\"lazy\" srcset=\"https:\/\/mercura-industries.ch\/wp-content\/uploads\/2022\/06\/MG_0423_frei-copie-scaled.jpg 2560w, https:\/\/mercura-industries.ch\/wp-content\/uploads\/2022\/06\/MG_0423_frei-copie-scaled-300x200.jpg 300w\" sizes=\"(max-width: 1020px) 100vw, 1020px\" \/>\t\t\t\t\t\t\n\t\t\t\t\t<\/div>\n\t\t\t\t\t\t\t\t\n<style>\n#image_1457949511 {\n  width: 100%;\n}\n<\/style>\n\t<\/div>\n\t\n\t\t<\/div>\n\t\t\t\t\t<\/div>\n\n\t\n\n\t<div id=\"col-389943768\" class=\"col medium-4 small-12 large-4\"  >\n\t\t\t\t<div class=\"col-inner\"  >\n\t\t\t\n\t\t\t\n\t<div class=\"img has-hover x md-x lg-x y md-y lg-y\" id=\"image_276908901\">\n\t\t\t\t\t\t\t\t<div class=\"img-inner image-zoom dark\" >\n\t\t\t<img width=\"1020\" height=\"606\" src=\"https:\/\/mercura-industries.ch\/wp-content\/uploads\/2022\/06\/MG_2971-copie-scaled.jpg\" class=\"attachment-large size-large\" alt=\"\" decoding=\"async\" loading=\"lazy\" srcset=\"https:\/\/mercura-industries.ch\/wp-content\/uploads\/2022\/06\/MG_2971-copie-scaled.jpg 2560w, https:\/\/mercura-industries.ch\/wp-content\/uploads\/2022\/06\/MG_2971-copie-scaled-300x178.jpg 300w\" sizes=\"(max-width: 1020px) 100vw, 1020px\" \/>\t\t\t\t\t\t\n\t\t\t\t\t<\/div>\n\t\t\t\t\t\t\t\t\n<style>\n#image_276908901 {\n  width: 100%;\n}\n<\/style>\n\t<\/div>\n\t\n\t\t<\/div>\n\t\t\t\t\t<\/div>\n\n\t\n\n\t<div id=\"col-62052328\" class=\"col medium-4 small-12 large-4\"  >\n\t\t\t\t<div class=\"col-inner\"  >\n\t\t\t\n\t\t\t\n\t<div class=\"img has-hover x md-x lg-x y md-y lg-y\" id=\"image_877333287\">\n\t\t\t\t\t\t\t\t<div class=\"img-inner image-zoom dark\" >\n\t\t\t<img width=\"1020\" height=\"680\" src=\"https:\/\/mercura-industries.ch\/wp-content\/uploads\/2022\/06\/L9A0569.jpg\" class=\"attachment-large size-large\" alt=\"\" decoding=\"async\" loading=\"lazy\" srcset=\"https:\/\/mercura-industries.ch\/wp-content\/uploads\/2022\/06\/L9A0569.jpg 2402w, https:\/\/mercura-industries.ch\/wp-content\/uploads\/2022\/06\/L9A0569-300x200.jpg 300w\" sizes=\"(max-width: 1020px) 100vw, 1020px\" \/>\t\t\t\t\t\t\n\t\t\t\t\t<\/div>\n\t\t\t\t\t\t\t\t\n<style>\n#image_877333287 {\n  width: 100%;\n}\n<\/style>\n\t<\/div>\n\t\n\t\t<\/div>\n\t\t\t\t\t<\/div>\n\n\t\n<\/div>\n\t<section class=\"section\" id=\"section_1213543306\">\n\t\t<div class=\"bg section-bg fill bg-fill  bg-loaded\" >\n\n\t\t\t\n\t\t\t<div class=\"section-bg-overlay absolute fill\"><\/div>\n\t\t\t\n\n\t\t<\/div>\n\n\t\t\n\n\t\t<div class=\"section-content relative\">\n\t\t\t\n<div class=\"row row-large align-middle\"  id=\"row-1436620311\">\n\n\t<div id=\"col-960825249\" class=\"col medium-6 small-12 large-6\"  >\n\t\t\t\t<div class=\"col-inner\"  >\n\t\t\t\n\t\t\t\n\t<div class=\"img has-hover x md-x lg-x y md-y lg-y\" id=\"image_458807761\">\n\t\t\t\t\t\t\t\t<div class=\"img-inner image-zoom dark\" >\n\t\t\t<img width=\"1020\" height=\"765\" src=\"https:\/\/mercura-industries.ch\/wp-content\/uploads\/2022\/06\/Tarahomoopathie.jpg\" class=\"attachment-large size-large\" alt=\"\" decoding=\"async\" loading=\"lazy\" srcset=\"https:\/\/mercura-industries.ch\/wp-content\/uploads\/2022\/06\/Tarahomoopathie.jpg 2400w, https:\/\/mercura-industries.ch\/wp-content\/uploads\/2022\/06\/Tarahomoopathie-300x225.jpg 300w\" sizes=\"(max-width: 1020px) 100vw, 1020px\" \/>\t\t\t\t\t\t\n\t\t\t\t\t<\/div>\n\t\t\t\t\t\t\t\t\n<style>\n#image_458807761 {\n  width: 100%;\n}\n<\/style>\n\t<\/div>\n\t\n\t\t<\/div>\n\t\t\t\t\t<\/div>\n\n\t\n\n\t<div id=\"col-571619952\" class=\"col medium-6 small-12 large-6\"  >\n\t\t\t\t<div class=\"col-inner text-left\"  >\n\t\t\t\n\t\t\t\n<h2><span style=\"color: #f99b1c;\">ISO-Modul Sortiment<\/span><\/h2>\n<p>Organisation von Schubladen, ISO-K\u00f6rben, Trennw\u00e4nden, Etikettierung, Organisation von Schr\u00e4nken, K\u00fchlschr\u00e4nken, Lagerung, Regalen, ABS-W\u00e4nden, usw. Hier finden Sie eine ganze Reihe von Produkten, die Sie entdecken k\u00f6nnen!<br \/>\n<a rel=\"noopener noreferrer\" href=\"https:\/\/mercura-industries.ch\/PDF\/MERCURA%20HH%20MED%20DE.pdf\" target=\"_blank\" class=\"button primary is-outline is-small\"  style=\"border-radius:99px;\">\n    <span>Zum PDF<\/span>\n  <\/a>\n\n\t\t<\/div>\n\t\t\t\t\t<\/div>\n\n\t\n<\/div>\n\t\t<\/div>\n\n\t\t\n<style>\n#section_1213543306 {\n  padding-top: 60px;\n  padding-bottom: 60px;\n  background-color: rgb(193, 193, 193);\n}\n#section_1213543306 .section-bg-overlay {\n  background-color: rgba(255, 255, 255, 0.85);\n}\n<\/style>\n\t<\/section>\n\t\n\t<div id=\"gap-805684802\" class=\"gap-element clearfix\" style=\"display:block; height:auto;\">\n\t\t\n<style>\n#gap-805684802 {\n  padding-top: 30px;\n}\n<\/style>\n\t<\/div>\n\t\n<h3><span style=\"color: #f99b1c;\">Chariots &amp; armoires pour paniers modulaires :<\/span><\/h3>\n\t<div id=\"gap-81197840\" class=\"gap-element clearfix\" style=\"display:block; height:auto;\">\n\t\t\n<style>\n#gap-81197840 {\n  padding-top: 30px;\n}\n<\/style>\n\t<\/div>\n\t\n<div class=\"row row-small align-middle align-center row-divided\"  id=\"row-631516903\">\n\n\t<div id=\"col-972196082\" class=\"col medium-3 small-6 large-3\"  >\n\t\t\t\t<div class=\"col-inner\"  >\n\t\t\t\n\t\t\t\n\t<div class=\"box has-hover   has-hover box-bounce box-text-bottom\" >\n\n\t\t<div class=\"box-image\" style=\"width:60%;\">\n\t\t\t\t\t\t<div class=\"image-zoom\" >\n\t\t\t\t<img width=\"1707\" height=\"2560\" src=\"https:\/\/mercura-industries.ch\/wp-content\/uploads\/2018\/10\/BACCARAT-scaled.jpg\" class=\"attachment- size-\" alt=\"\" decoding=\"async\" loading=\"lazy\" srcset=\"https:\/\/mercura-industries.ch\/wp-content\/uploads\/2018\/10\/BACCARAT-scaled.jpg 1707w, https:\/\/mercura-industries.ch\/wp-content\/uploads\/2018\/10\/BACCARAT-scaled-300x450.jpg 300w, https:\/\/mercura-industries.ch\/wp-content\/uploads\/2018\/10\/BACCARAT-267x400.jpg 267w, https:\/\/mercura-industries.ch\/wp-content\/uploads\/2018\/10\/BACCARAT-768x1152.jpg 768w, https:\/\/mercura-industries.ch\/wp-content\/uploads\/2018\/10\/BACCARAT-533x800.jpg 533w, https:\/\/mercura-industries.ch\/wp-content\/uploads\/2018\/10\/BACCARAT-510x765.jpg 510w\" sizes=\"(max-width: 1707px) 100vw, 1707px\" \/>\t\t\t\t\t\t\t\t\t\t\t<\/div>\n\t\t\t\t\t<\/div>\n\n\t\t<div class=\"box-text text-center\" style=\"background-color:rgba(208, 208, 208, 0.22);\">\n\t\t\t<div class=\"box-text-inner\">\n\t\t\t\t\n<h4>BACCARAT<\/h4>\n<div class=\"row row-collapse row-full-width align-bottom align-center\"  id=\"row-69755548\">\n\n\t<div id=\"col-118518898\" class=\"col medium-11 large-11\"  >\n\t\t\t\t<div class=\"col-inner\"  >\n\t\t\t\n\t\t\t\n<a rel=\"noopener noreferrer\" href=\"https:\/\/mercura-industries.ch\/PDF\/BACCARAT%20FR-DE.pdf\" target=\"_blank\" class=\"button primary is-outline is-small\"  style=\"border-radius:99px;\">\n    <span>zum PDF<\/span>\n  <\/a>\n\n\t\t<\/div>\n\t\t\t\t\t<\/div>\n\n\t\n<\/div>\n\t\t\t<\/div>\n\t\t<\/div>\n\t<\/div>\n\t\n\t\t<\/div>\n\t\t\t\t\t<\/div>\n\n\t\n\n\t<div id=\"col-1957471516\" class=\"col medium-3 small-6 large-3\"  >\n\t\t\t\t<div class=\"col-inner\"  >\n\t\t\t\n\t\t\t\n\t<div class=\"box has-hover   has-hover box-bounce box-text-bottom\" >\n\n\t\t<div class=\"box-image\" style=\"width:89%;\">\n\t\t\t\t\t\t<div class=\"image-zoom image-cover\" style=\"padding-top:100%;\">\n\t\t\t\t<img width=\"1772\" height=\"1706\" src=\"https:\/\/mercura-industries.ch\/wp-content\/uploads\/2022\/06\/N204-MODUL-sfodno-bianco.jpg\" class=\"attachment- size-\" alt=\"\" decoding=\"async\" loading=\"lazy\" srcset=\"https:\/\/mercura-industries.ch\/wp-content\/uploads\/2022\/06\/N204-MODUL-sfodno-bianco.jpg 1772w, https:\/\/mercura-industries.ch\/wp-content\/uploads\/2022\/06\/N204-MODUL-sfodno-bianco-300x289.jpg 300w\" sizes=\"(max-width: 1772px) 100vw, 1772px\" \/>\t\t\t\t\t\t\t\t\t\t\t<\/div>\n\t\t\t\t\t<\/div>\n\n\t\t<div class=\"box-text text-center\" style=\"background-color:rgba(208, 208, 208, 0.22);\">\n\t\t\t<div class=\"box-text-inner\">\n\t\t\t\t\n<h4>SIRACUSA<\/h4>\n<div class=\"row row-collapse row-full-width align-middle align-center\"  id=\"row-1496579896\">\n\n\t<div id=\"col-2123618505\" class=\"col medium-10 large-10\"  >\n\t\t\t\t<div class=\"col-inner\"  >\n\t\t\t\n\t\t\t\n<a rel=\"noopener noreferrer\" href=\"https:\/\/mercura-industries.ch\/PDF\/SIRACUSA%20FR-DE.pdf\" target=\"_blank\" class=\"button primary is-outline is-small\"  style=\"border-radius:99px;\">\n    <span>zum PDF<\/span>\n  <\/a>\n\n\t\t<\/div>\n\t\t\t\t\t<\/div>\n\n\t\n<\/div>\n\t\t\t<\/div>\n\t\t<\/div>\n\t<\/div>\n\t\n\t\t<\/div>\n\t\t\t\t\t<\/div>\n\n\t\n\n\t<div id=\"col-723370894\" class=\"col medium-3 small-6 large-3\"  >\n\t\t\t\t<div class=\"col-inner\"  >\n\t\t\t\n\t\t\t\n\t<div class=\"box has-hover   has-hover box-bounce box-text-bottom\" >\n\n\t\t<div class=\"box-image\" style=\"width:88%;\">\n\t\t\t\t\t\t<div class=\"image-zoom image-cover\" style=\"padding-top:100%;\">\n\t\t\t\t<img width=\"2560\" height=\"1920\" src=\"https:\/\/mercura-industries.ch\/wp-content\/uploads\/2022\/06\/OP-RACKI2-scaled.jpg\" class=\"attachment- size-\" alt=\"\" decoding=\"async\" loading=\"lazy\" srcset=\"https:\/\/mercura-industries.ch\/wp-content\/uploads\/2022\/06\/OP-RACKI2-scaled.jpg 2560w, https:\/\/mercura-industries.ch\/wp-content\/uploads\/2022\/06\/OP-RACKI2-scaled-300x225.jpg 300w\" sizes=\"(max-width: 2560px) 100vw, 2560px\" \/>\t\t\t\t\t\t\t\t\t\t\t<\/div>\n\t\t\t\t\t<\/div>\n\n\t\t<div class=\"box-text text-center\" style=\"background-color:rgba(208, 208, 208, 0.22);\">\n\t\t\t<div class=\"box-text-inner\">\n\t\t\t\t\n<h4>PROPRIANO<\/h4>\n<div class=\"row row-collapse row-full-width align-bottom align-center\"  id=\"row-1877548377\">\n\n\t<div id=\"col-1479196564\" class=\"col medium-11 large-11\"  >\n\t\t\t\t<div class=\"col-inner\"  >\n\t\t\t\n\t\t\t\n<a rel=\"noopener noreferrer\" href=\"https:\/\/mercura-industries.ch\/PDF\/PROPRIANO%20FR-DE.pdf\" target=\"_blank\" class=\"button primary is-outline is-small\"  style=\"border-radius:99px;\">\n    <span>zum PDF<\/span>\n  <\/a>\n\n\t\t<\/div>\n\t\t\t\t\t<\/div>\n\n\t\n<\/div>\n\t\t\t<\/div>\n\t\t<\/div>\n\t<\/div>\n\t\n\t\t<\/div>\n\t\t\t\t\t<\/div>\n\n\t\n\n\t<div id=\"col-13561595\" class=\"col medium-3 small-6 large-3\"  >\n\t\t\t\t<div class=\"col-inner\"  >\n\t\t\t\n\t\t\t\n\t<div class=\"box has-hover   has-hover box-bounce box-text-bottom\" >\n\n\t\t<div class=\"box-image\" style=\"width:88%;\">\n\t\t\t<a href=\"https:\/\/mercura-industries.ch\/wp-content\/uploads\/2021\/09\/HH_Katalog_Hospital_2017_EN.jpg\" >\t\t\t<div class=\"image-zoom image-cover\" style=\"padding-top:100%;\">\n\t\t\t\t<img width=\"688\" height=\"476\" src=\"https:\/\/mercura-industries.ch\/wp-content\/uploads\/2021\/03\/FLEXSHELF-HH.jpg\" class=\"attachment- size-\" alt=\"\" decoding=\"async\" loading=\"lazy\" srcset=\"https:\/\/mercura-industries.ch\/wp-content\/uploads\/2021\/03\/FLEXSHELF-HH.jpg 688w, https:\/\/mercura-industries.ch\/wp-content\/uploads\/2021\/03\/FLEXSHELF-HH-300x208.jpg 300w\" sizes=\"(max-width: 688px) 100vw, 688px\" \/>\t\t\t\t\t\t\t\t\t\t\t<\/div>\n\t\t\t<\/a>\t\t<\/div>\n\n\t\t<div class=\"box-text text-center\" style=\"background-color:rgba(208, 208, 208, 0.22);\">\n\t\t\t<div class=\"box-text-inner\">\n\t\t\t\t\n<h4>FLEXSHELF<\/h4>\n<div class=\"row row-collapse row-full-width align-bottom align-center\"  id=\"row-1916101776\">\n\n\t<div id=\"col-411621746\" class=\"col medium-11 large-11\"  >\n\t\t\t\t<div class=\"col-inner\"  >\n\t\t\t\n\t\t\t\n<a rel=\"noopener noreferrer\" href=\"https:\/\/mercura-industries.ch\/PDF\/FLEX%20FR.pdf\" target=\"_blank\" class=\"button primary is-outline is-small\"  style=\"border-radius:99px;\">\n    <span>zum PDF<\/span>\n  <\/a>\n\n\t\t<\/div>\n\t\t\t\t\t<\/div>\n\n\t\n<\/div>\n\t\t\t<\/div>\n\t\t<\/div>\n\t<\/div>\n\t\n\t\t<\/div>\n\t\t\t\t\t<\/div>\n\n\t\n<\/div>\n\t<div id=\"gap-1175162670\" class=\"gap-element clearfix\" style=\"display:block; height:auto;\">\n\t\t\n<style>\n#gap-1175162670 {\n  padding-top: 30px;\n}\n<\/style>\n\t<\/div>\n\t\n\t<div id=\"gap-1217509216\" class=\"gap-element clearfix\" style=\"display:block; height:auto;\">\n\t\t\n<style>\n#gap-1217509216 {\n  padding-top: 30px;\n}\n<\/style>\n\t<\/div>\n\t\n<h3 style=\"text-align: center;\">Vous n&#8217;avez pas trouv\u00e9 ce que vous cherchiez?<\/h3>\n<div class=\"row align-center\"  id=\"row-1521643496\">\n\n\t<div id=\"col-397599233\" class=\"col small-12 large-12\"  >\n\t\t\t\t<div class=\"col-inner text-center\"  >\n\t\t\t\n\t\t\t\n<a href=\"https:\/\/mercura-industries.ch\/de\/kontakt\/\" target=\"_self\" class=\"button primary\"  style=\"border-radius:99px;\">\n    <span>Kontaktieren Sie uns<\/span>\n  <\/a>\n\n\t\t<\/div>\n\t\t\t\t\t<\/div>\n\n\t\n<\/div>\n","protected":false},"excerpt":{"rendered":"<p>Chariots &amp; armoires pour paniers modulaires : Vous n&#8217;avez pas trouv\u00e9 ce que vous cherchiez?<\/p>\n","protected":false},"author":6,"featured_media":0,"parent":0,"menu_order":0,"comment_status":"closed","ping_status":"closed","template":"","meta":[],"_links":{"self":[{"href":"https:\/\/mercura-industries.ch\/de\/wp-json\/wp\/v2\/pages\/4616"}],"collection":[{"href":"https:\/\/mercura-industries.ch\/de\/wp-json\/wp\/v2\/pages"}],"about":[{"href":"https:\/\/mercura-industries.ch\/de\/wp-json\/wp\/v2\/types\/page"}],"author":[{"embeddable":true,"href":"https:\/\/mercura-industries.ch\/de\/wp-json\/wp\/v2\/users\/6"}],"replies":[{"embeddable":true,"href":"https:\/\/mercura-industries.ch\/de\/wp-json\/wp\/v2\/comments?post=4616"}],"version-history":[{"count":2,"href":"https:\/\/mercura-industries.ch\/de\/wp-json\/wp\/v2\/pages\/4616\/revisions"}],"predecessor-version":[{"id":4618,"href":"https:\/\/mercura-industries.ch\/de\/wp-json\/wp\/v2\/pages\/4616\/revisions\/4618"}],"wp:attachment":[{"href":"https:\/\/mercura-industries.ch\/de\/wp-json\/wp\/v2\/media?parent=4616"}],"curies":[{"name":"wp","href":"https:\/\/api.w.org\/{rel}","templated":true}]}}