{"id":4410,"date":"2022-09-16T10:51:33","date_gmt":"2022-09-16T09:51:33","guid":{"rendered":"https:\/\/mercura-industries.ch\/aktionen\/"},"modified":"2024-01-24T10:11:03","modified_gmt":"2024-01-24T09:11:03","slug":"aktionen","status":"publish","type":"page","link":"https:\/\/mercura-industries.ch\/de\/aktionen\/","title":{"rendered":"Aktionen"},"content":{"rendered":"<div class=\"row row-full-width\"  id=\"row-388465837\">\n\n\t<div id=\"col-1724972853\" class=\"col small-12 large-12\"  >\n\t\t\t\t<div class=\"col-inner\"  >\n\t\t\t\n\t\t\t\n\t<div id=\"gap-1811685872\" class=\"gap-element clearfix\" style=\"display:block; height:auto;\">\n\t\t\n<style>\n#gap-1811685872 {\n  padding-top: 30px;\n}\n<\/style>\n\t<\/div>\n\t\n  <div id=\"page-header-1986491586\" class=\"page-header-wrapper\">\n  <div class=\"page-title light divided-title\">\n\n    \n    <div class=\"page-title-inner container align-center text-center flex-row-col medium-flex-wrap\" >\n            <div class=\"title-content flex-col\">\n        <div class=\"title-breadcrumbs pb-half pt-half\"><nav class=\"woocommerce-breadcrumb breadcrumbs uppercase\">Startseite<\/nav><\/div>      <\/div>\n    <\/div>\n\n       <\/div>\n  <div class=\"container header-wrapper-divider\"><hr\/><\/div>  <\/div>\n  \n\t\t<\/div>\n\t\t\t\t\t<\/div>\n\n\t\n<\/div>\n<h2 style=\"text-align: center;\"><strong><span style=\"color: #f99b1c;\">AKTION CADHOM:<\/span><\/strong><\/h2>\n<p style=\"text-align: center;\">Sehr geehrter Kunde,<\/p>\n<p style=\"text-align: center;\">Sie k\u00f6nnen von unserer Aktion &#8222;HAPPYNEWYEAR24&#8220; profitieren, die bis zum 15.03.2024 g\u00fcltig ist<\/p>\n<p>&nbsp;<br \/>\n<div class=\"row\"  id=\"row-557886318\">\n\n\t<div id=\"col-171145380\" class=\"col small-12 large-12\"  >\n\t\t\t\t<div class=\"col-inner\"  >\n\t\t\t\n\t\t\t\n<div class=\"row\"  id=\"row-1714446800\">\n\n\t<div id=\"col-571329842\" class=\"col medium-4 small-12 large-4\"  >\n\t\t\t\t<div class=\"col-inner\"  >\n\t\t\t\n\t\t\t\n\t<div class=\"box has-hover   has-hover box-text-bottom\" >\n\n\t\t<div class=\"box-image\" >\n\t\t\t\t\t\t<div class=\"\" >\n\t\t\t\t<img width=\"600\" height=\"600\" src=\"https:\/\/mercura-industries.ch\/wp-content\/uploads\/2019\/12\/Osu-basic.jpg\" class=\"attachment- size-\" alt=\"\" decoding=\"async\" loading=\"lazy\" srcset=\"https:\/\/mercura-industries.ch\/wp-content\/uploads\/2019\/12\/Osu-basic.jpg 600w, https:\/\/mercura-industries.ch\/wp-content\/uploads\/2019\/12\/Osu-basic-300x300.jpg 300w, https:\/\/mercura-industries.ch\/wp-content\/uploads\/2019\/12\/Osu-basic-100x100.jpg 100w, https:\/\/mercura-industries.ch\/wp-content\/uploads\/2019\/12\/Osu-basic-400x400.jpg 400w, https:\/\/mercura-industries.ch\/wp-content\/uploads\/2019\/12\/Osu-basic-280x280.jpg 280w, https:\/\/mercura-industries.ch\/wp-content\/uploads\/2019\/12\/Osu-basic-510x510.jpg 510w\" sizes=\"(max-width: 600px) 100vw, 600px\" \/>\t\t\t\t\t\t\t\t\t\t\t<\/div>\n\t\t\t\t\t<\/div>\n\n\t\t<div class=\"box-text text-center\" >\n\t\t\t<div class=\"box-text-inner\">\n\t\t\t\t\n<h4 style=\"text-align: center;\">SET VON 8 ST\u00dcCK OSU BASIC<\/h4>\n<ul>\n<li style=\"text-align: left;\"><span style=\"font-size: 75%;\">Sackhalter f\u00fcr W\u00e4sche oder Abfall<\/span><\/li>\n<li style=\"text-align: left;\"><span style=\"font-size: 75%;\">Basis aus ABS &#8211; Schiebegriff nicht inbegriffen (Option)<\/span><\/li>\n<li style=\"text-align: left;\"><span style=\"font-size: 75%;\">Ring mit Gummiaufsatz 350 x 255 mm<\/span><\/li>\n<li style=\"text-align: left;\"><span style=\"font-size: 75%;\">Vertikale St\u00fctzen aus Edelstahl<\/span><\/li>\n<li style=\"text-align: left;\"><span style=\"font-size: 10.8px;\">4 Lenkrollen 80 mm, davon 2 mit Bremse<\/span><\/li>\n<li style=\"text-align: left;\"><span style=\"font-size: 75%;\">Mit Pedalsystem und Deckel<\/span><\/li>\n<li><span style=\"font-size: 75%;\">M\u00f6gliche Deckelfarbe : blau, rot, gelb, gr\u00fcn, weiss oder braun<\/span><\/li>\n<li style=\"text-align: left;\"><span style=\"font-size: 75%;\">Unmontiertes material &#8211; einfacher und schneller Aufbau<\/span><\/li>\n<\/ul>\n<a class=\"button primary\"  >\n    <span>1500 CHF HT<\/span>\n  <\/a>\n\n\t\t\t<\/div>\n\t\t<\/div>\n\t<\/div>\n\t\n\t\t<\/div>\n\t\t\t\t\t<\/div>\n\n\t\n\n\t<div id=\"col-1895301376\" class=\"col medium-4 small-12 large-4\"  >\n\t\t\t\t<div class=\"col-inner text-center\"  >\n\t\t\t\n\t\t\t\n\t<div class=\"box has-hover   has-hover box-text-bottom\" >\n\n\t\t<div class=\"box-image\" >\n\t\t\t\t\t\t<div class=\"\" >\n\t\t\t\t<img width=\"1046\" height=\"942\" src=\"https:\/\/mercura-industries.ch\/wp-content\/uploads\/2024\/01\/Capture-decran-2024-01-15-a-10.08.54.png\" class=\"attachment- size-\" alt=\"\" decoding=\"async\" loading=\"lazy\" srcset=\"https:\/\/mercura-industries.ch\/wp-content\/uploads\/2024\/01\/Capture-decran-2024-01-15-a-10.08.54.png 1046w, https:\/\/mercura-industries.ch\/wp-content\/uploads\/2024\/01\/Capture-decran-2024-01-15-a-10.08.54-300x270.png 300w, https:\/\/mercura-industries.ch\/wp-content\/uploads\/2024\/01\/Capture-decran-2024-01-15-a-10.08.54-800x720.png 800w, https:\/\/mercura-industries.ch\/wp-content\/uploads\/2024\/01\/Capture-decran-2024-01-15-a-10.08.54-768x692.png 768w\" sizes=\"(max-width: 1046px) 100vw, 1046px\" \/>\t\t\t\t\t\t\t\t\t\t\t<\/div>\n\t\t\t\t\t<\/div>\n\n\t\t<div class=\"box-text text-center\" >\n\t\t\t<div class=\"box-text-inner\">\n\t\t\t\t\n<h4><\/h4>\n<h4><\/h4>\n<h4 style=\"text-align: center;\">SET VON 8 ST\u00dcCK W\u00c4SCHES\u00c4CKE 60\/80 L &#8211; 12 Kg<\/h4>\n<ul>\n<li style=\"text-align: left;\"><span style=\"font-size: 75%;\">Aus Waschebarem Polyester &#8211; Weisser Grund, mit 2 Horizontalen Streifen (*)<\/span><\/li>\n<li style=\"text-align: left;\"><span style=\"font-size: 75%;\">(*) Farbe zum Wahl: Blau, Gelb, Rot, Gr\u00fcn, Grau oder Braun.<\/span><\/li>\n<li style=\"text-align: left;\"><span style=\"font-size: 75%;\">Polyester 220 gr\/m2 mit Fix-Lock<\/span><\/li>\n<li style=\"text-align: left;\"><span style=\"font-size: 10.8px;\">Masse : 95 x 62 cm mit Bodengriffe<\/span><\/li>\n<\/ul>\n\t\t\t<\/div>\n\t\t<\/div>\n\t<\/div>\n\t\n<a class=\"button primary\"  >\n    <span>150 CHF HT<\/span>\n  <\/a>\n\n\t\t<\/div>\n\t\t\t\t\t<\/div>\n\n\t\n\n\t<div id=\"col-101638103\" class=\"col medium-4 small-12 large-4\"  >\n\t\t\t\t<div class=\"col-inner\"  >\n\t\t\t\n\t\t\t\n\t\t<\/div>\n\t\t\t\t\t<\/div>\n\n\t\n<\/div>\n\t\t<\/div>\n\t\t\t\t\t<\/div>\n\n\t\n<\/div>\n<div class=\"row row-small align-middle align-center row-divided\"  id=\"row-1221325102\">\n<\/div>\n<div class=\"row row-box-shadow-3 row-box-shadow-5-hover\"  id=\"row-749048811\">\n\n\t<div id=\"col-339745882\" class=\"col medium-4 small-12 large-4\"  >\n\t\t\t\t<div class=\"col-inner\"  >\n\t\t\t\n\t\t\t\n\t\t<\/div>\n\t\t\t\t\t<\/div>\n\n\t\n\n\t<div id=\"col-1525947671\" class=\"col medium-4 small-12 large-4\"  >\n\t\t\t\t<div class=\"col-inner\"  >\n\t\t\t\n\t\t\t\n\t\t<\/div>\n\t\t\t\t\t<\/div>\n\n\t\n\n\t<div id=\"col-689739428\" class=\"col medium-4 small-12 large-4\"  >\n\t\t\t\t<div class=\"col-inner\"  >\n\t\t\t\n\t\t\t\n\t\t<\/div>\n\t\t\t\t\t<\/div>\n\n\t\n<\/div>\n<div class=\"row row-box-shadow-3 row-box-shadow-5-hover\"  id=\"row-621463307\">\n\n\t<div id=\"col-1333350563\" class=\"col medium-4 small-12 large-4\"  >\n\t\t\t\t<div class=\"col-inner\"  >\n\t\t\t\n\t\t\t\n\t\t<\/div>\n\t\t\t\t\t<\/div>\n\n\t\n\n\t<div id=\"col-782426008\" class=\"col medium-4 small-12 large-4\"  >\n\t\t\t\t<div class=\"col-inner\"  >\n\t\t\t\n\t\t\t\n\t\t<\/div>\n\t\t\t\t\t<\/div>\n\n\t\n\n\t<div id=\"col-1837576168\" class=\"col medium-4 small-12 large-4\"  >\n\t\t\t\t<div class=\"col-inner\"  >\n\t\t\t\n\t\t\t\n\t\t<\/div>\n\t\t\t\t\t<\/div>\n\n\t\n<\/div>\n<div class=\"row row-box-shadow-3 row-box-shadow-5-hover\"  id=\"row-934683541\">\n\n\t<div id=\"col-1233202517\" class=\"col medium-4 small-12 large-4\"  >\n\t\t\t\t<div class=\"col-inner\"  >\n\t\t\t\n\t\t\t\n\t\t<\/div>\n\t\t\t\t\t<\/div>\n\n\t\n\n\t<div id=\"col-836867913\" class=\"col medium-4 small-12 large-4\"  >\n\t\t\t\t<div class=\"col-inner\"  >\n\t\t\t\n\t\t\t\n\t\t<\/div>\n\t\t\t\t\t<\/div>\n\n\t\n\n\t<div id=\"col-448100370\" class=\"col medium-4 small-12 large-4\"  >\n\t\t\t\t<div class=\"col-inner\"  >\n\t\t\t\n\t\t\t\n\t\t<\/div>\n\t\t\t\t\t<\/div>\n\n\t\n<\/div>\n<div class=\"row row-box-shadow-3 row-box-shadow-5-hover\"  id=\"row-1598886575\">\n\n\t<div id=\"col-1954323802\" class=\"col medium-4 small-12 large-4\"  >\n\t\t\t\t<div class=\"col-inner\"  >\n\t\t\t\n\t\t\t\n\t\t<\/div>\n\t\t\t\t\t<\/div>\n\n\t\n\n\t<div id=\"col-532285650\" class=\"col medium-4 small-12 large-4\"  >\n\t\t\t\t<div class=\"col-inner\"  >\n\t\t\t\n\t\t\t\n\t\t<\/div>\n\t\t\t\t\t<\/div>\n\n\t\n\n\t<div id=\"col-92518504\" class=\"col medium-4 small-12 large-4\"  >\n\t\t\t\t<div class=\"col-inner\"  >\n\t\t\t\n\t\t\t\n\t\t<\/div>\n\t\t\t\t\t<\/div>\n\n\t\n<\/div>\n<div class=\"row row-box-shadow-3 row-box-shadow-5-hover\"  id=\"row-857454738\">\n\n\t<div id=\"col-1752599114\" class=\"col medium-4 small-12 large-4\"  >\n\t\t\t\t<div class=\"col-inner\"  >\n\t\t\t\n\t\t\t\n\t\t<\/div>\n\t\t\t\t\t<\/div>\n\n\t\n\n\t<div id=\"col-2091478272\" class=\"col medium-4 small-12 large-4\"  >\n\t\t\t\t<div class=\"col-inner\"  >\n\t\t\t\n\t\t\t\n\t\t<\/div>\n\t\t\t\t\t<\/div>\n\n\t\n\n\t<div id=\"col-202502233\" class=\"col medium-4 small-12 large-4\"  >\n\t\t\t\t<div class=\"col-inner\"  >\n\t\t\t\n\t\t\t\n\t\t<\/div>\n\t\t\t\t\t<\/div>\n\n\t\n<\/div>\n<div class=\"row row-box-shadow-3 row-box-shadow-5-hover\"  id=\"row-1973252158\">\n\n\t<div id=\"col-682605343\" class=\"col medium-4 small-12 large-4\"  >\n\t\t\t\t<div class=\"col-inner\"  >\n\t\t\t\n\t\t\t\n\t\t<\/div>\n\t\t\t\t\t<\/div>\n\n\t\n\n\t<div id=\"col-828603874\" class=\"col medium-4 small-12 large-4\"  >\n\t\t\t\t<div class=\"col-inner\"  >\n\t\t\t\n\t\t\t\n\t\t<\/div>\n\t\t\t\t\t<\/div>\n\n\t\n\n\t<div id=\"col-382389272\" class=\"col medium-4 small-12 large-4\"  >\n\t\t\t\t<div class=\"col-inner\"  >\n\t\t\t\n\t\t\t\n\t\t<\/div>\n\t\t\t\t\t<\/div>\n\n\t\n<\/div>\n<h4><\/h4>\n","protected":false},"excerpt":{"rendered":"<p>AKTION CADHOM: Sehr geehrter Kunde, Sie k\u00f6nnen von unserer Aktion &#8222;HAPPYNEWYEAR24&#8220; profitieren, die bis zum 15.03.2024 g\u00fcltig ist &nbsp;<\/p>\n","protected":false},"author":1,"featured_media":0,"parent":0,"menu_order":0,"comment_status":"closed","ping_status":"closed","template":"","meta":[],"_links":{"self":[{"href":"https:\/\/mercura-industries.ch\/de\/wp-json\/wp\/v2\/pages\/4410"}],"collection":[{"href":"https:\/\/mercura-industries.ch\/de\/wp-json\/wp\/v2\/pages"}],"about":[{"href":"https:\/\/mercura-industries.ch\/de\/wp-json\/wp\/v2\/types\/page"}],"author":[{"embeddable":true,"href":"https:\/\/mercura-industries.ch\/de\/wp-json\/wp\/v2\/users\/1"}],"replies":[{"embeddable":true,"href":"https:\/\/mercura-industries.ch\/de\/wp-json\/wp\/v2\/comments?post=4410"}],"version-history":[{"count":23,"href":"https:\/\/mercura-industries.ch\/de\/wp-json\/wp\/v2\/pages\/4410\/revisions"}],"predecessor-version":[{"id":5448,"href":"https:\/\/mercura-industries.ch\/de\/wp-json\/wp\/v2\/pages\/4410\/revisions\/5448"}],"wp:attachment":[{"href":"https:\/\/mercura-industries.ch\/de\/wp-json\/wp\/v2\/media?parent=4410"}],"curies":[{"name":"wp","href":"https:\/\/api.w.org\/{rel}","templated":true}]}}