{"id":4314,"date":"2022-09-15T16:22:08","date_gmt":"2022-09-15T15:22:08","guid":{"rendered":"https:\/\/mercura-industries.ch\/operationssaal-prae-op-mobiliar\/"},"modified":"2022-09-15T16:22:12","modified_gmt":"2022-09-15T15:22:12","slug":"operationssaal-prae-op-mobiliar","status":"publish","type":"page","link":"https:\/\/mercura-industries.ch\/de\/operationssaal-prae-op-mobiliar\/","title":{"rendered":"Operationssaal &amp; Pr\u00e4-Op-Mobiliar"},"content":{"rendered":"<div class=\"row row-full-width\"  id=\"row-1371644147\">\n\n\t<div id=\"col-2038504684\" class=\"col small-12 large-12\"  >\n\t\t\t\t<div class=\"col-inner\"  >\n\t\t\t\n\t\t\t\n\t<div id=\"gap-32430734\" class=\"gap-element clearfix\" style=\"display:block; height:auto;\">\n\t\t\n<style>\n#gap-32430734 {\n  padding-top: 30px;\n}\n<\/style>\n\t<\/div>\n\t\n  <div id=\"page-header-750143069\" class=\"page-header-wrapper\">\n  <div class=\"page-title light divided-title\">\n\n    \n    <div class=\"page-title-inner container align-center text-center flex-row-col medium-flex-wrap\" >\n            <div class=\"title-content flex-col\">\n        <div class=\"title-breadcrumbs pb-half pt-half\"><nav class=\"woocommerce-breadcrumb breadcrumbs uppercase\">Startseite<\/nav><\/div>      <\/div>\n    <\/div>\n\n       <\/div>\n  <div class=\"container header-wrapper-divider\"><hr\/><\/div>  <\/div>\n  \n\t\t<\/div>\n\t\t\t\t\t<\/div>\n\n\t\n<\/div>\n\t<div id=\"gap-1502408559\" class=\"gap-element clearfix\" style=\"display:block; height:auto;\">\n\t\t\n<style>\n#gap-1502408559 {\n  padding-top: 30px;\n}\n<\/style>\n\t<\/div>\n\t\n<h3><span data-text-color=\"primary\">Einrichtung f\u00fcr den OP und die pr\u00e4operativen R\u00e4ume<\/span><\/h3>\n\t<div id=\"gap-486740853\" class=\"gap-element clearfix\" style=\"display:block; height:auto;\">\n\t\t\n<style>\n#gap-486740853 {\n  padding-top: 30px;\n}\n<\/style>\n\t<\/div>\n\t\n<div class=\"row row-small align-equal align-center row-divided\"  id=\"row-1348162176\">\n\n\t<div id=\"col-258774787\" class=\"col medium-3 small-6 large-3\"  >\n\t\t\t\t<div class=\"col-inner text-center\"  >\n\t\t\t\n\t\t\t\n\t<div class=\"img has-hover x md-x lg-x y md-y lg-y\" id=\"image_1712139768\">\n\t\t\t\t\t\t\t\t<div class=\"img-inner image-zoom dark\" >\n\t\t\t<img width=\"800\" height=\"800\" src=\"https:\/\/mercura-industries.ch\/wp-content\/uploads\/2018\/10\/AJACCIO-MOBILIER-BLOC-1-800x800.jpg\" class=\"attachment-large size-large\" alt=\"\" decoding=\"async\" loading=\"lazy\" srcset=\"https:\/\/mercura-industries.ch\/wp-content\/uploads\/2018\/10\/AJACCIO-MOBILIER-BLOC-1-800x800.jpg 800w, https:\/\/mercura-industries.ch\/wp-content\/uploads\/2018\/10\/AJACCIO-MOBILIER-BLOC-1-300x300.jpg 300w, https:\/\/mercura-industries.ch\/wp-content\/uploads\/2018\/10\/AJACCIO-MOBILIER-BLOC-1-100x100.jpg 100w, https:\/\/mercura-industries.ch\/wp-content\/uploads\/2018\/10\/AJACCIO-MOBILIER-BLOC-1-280x280.jpg 280w, https:\/\/mercura-industries.ch\/wp-content\/uploads\/2018\/10\/AJACCIO-MOBILIER-BLOC-1-400x400.jpg 400w, https:\/\/mercura-industries.ch\/wp-content\/uploads\/2018\/10\/AJACCIO-MOBILIER-BLOC-1-768x768.jpg 768w, https:\/\/mercura-industries.ch\/wp-content\/uploads\/2018\/10\/AJACCIO-MOBILIER-BLOC-1-510x510.jpg 510w, https:\/\/mercura-industries.ch\/wp-content\/uploads\/2018\/10\/AJACCIO-MOBILIER-BLOC-1.jpg 2000w\" sizes=\"(max-width: 800px) 100vw, 800px\" \/>\t\t\t\t\t\t\n\t\t\t\t\t<\/div>\n\t\t\t\t\t\t\t\t\n<style>\n#image_1712139768 {\n  width: 89%;\n}\n<\/style>\n\t<\/div>\n\t\n\t\t<\/div>\n\t\t\t\t\t<\/div>\n\n\t\n\n\t<div id=\"col-847056997\" class=\"col medium-3 small-6 large-3\"  >\n\t\t\t\t<div class=\"col-inner text-center\"  >\n\t\t\t\n\t\t\t\n\t<div class=\"img has-hover x md-x lg-x y md-y lg-y\" id=\"image_659696215\">\n\t\t\t\t\t\t\t\t<div class=\"img-inner image-zoom dark\" >\n\t\t\t<img width=\"379\" height=\"800\" src=\"https:\/\/mercura-industries.ch\/wp-content\/uploads\/2018\/10\/AJACCIO-MOBILIER-BLOC-2-379x800.jpg\" class=\"attachment-large size-large\" alt=\"\" decoding=\"async\" loading=\"lazy\" srcset=\"https:\/\/mercura-industries.ch\/wp-content\/uploads\/2018\/10\/AJACCIO-MOBILIER-BLOC-2-379x800.jpg 379w, https:\/\/mercura-industries.ch\/wp-content\/uploads\/2018\/10\/AJACCIO-MOBILIER-BLOC-2-scaled-300x633.jpg 300w, https:\/\/mercura-industries.ch\/wp-content\/uploads\/2018\/10\/AJACCIO-MOBILIER-BLOC-2-190x400.jpg 190w, https:\/\/mercura-industries.ch\/wp-content\/uploads\/2018\/10\/AJACCIO-MOBILIER-BLOC-2-768x1620.jpg 768w, https:\/\/mercura-industries.ch\/wp-content\/uploads\/2018\/10\/AJACCIO-MOBILIER-BLOC-2-510x1076.jpg 510w, https:\/\/mercura-industries.ch\/wp-content\/uploads\/2018\/10\/AJACCIO-MOBILIER-BLOC-2-scaled.jpg 1213w\" sizes=\"(max-width: 379px) 100vw, 379px\" \/>\t\t\t\t\t\t\n\t\t\t\t\t<\/div>\n\t\t\t\t\t\t\t\t\n<style>\n#image_659696215 {\n  width: 43%;\n}\n<\/style>\n\t<\/div>\n\t\n\t\t<\/div>\n\t\t\t\t\t<\/div>\n\n\t\n\n\t<div id=\"col-1098266792\" class=\"col medium-3 small-6 large-3\"  >\n\t\t\t\t<div class=\"col-inner text-center\"  >\n\t\t\t\n\t\t\t\n\t<div class=\"img has-hover x md-x lg-x y md-y lg-y\" id=\"image_914940406\">\n\t\t\t\t\t\t\t\t<div class=\"img-inner image-zoom dark\" >\n\t\t\t<img width=\"787\" height=\"800\" src=\"https:\/\/mercura-industries.ch\/wp-content\/uploads\/2018\/10\/AJACCIO-MOBILIER-BLOC-3-787x800.jpg\" class=\"attachment-large size-large\" alt=\"\" decoding=\"async\" loading=\"lazy\" srcset=\"https:\/\/mercura-industries.ch\/wp-content\/uploads\/2018\/10\/AJACCIO-MOBILIER-BLOC-3-787x800.jpg 787w, https:\/\/mercura-industries.ch\/wp-content\/uploads\/2018\/10\/AJACCIO-MOBILIER-BLOC-3-300x305.jpg 300w, https:\/\/mercura-industries.ch\/wp-content\/uploads\/2018\/10\/AJACCIO-MOBILIER-BLOC-3-393x400.jpg 393w, https:\/\/mercura-industries.ch\/wp-content\/uploads\/2018\/10\/AJACCIO-MOBILIER-BLOC-3-768x781.jpg 768w, https:\/\/mercura-industries.ch\/wp-content\/uploads\/2018\/10\/AJACCIO-MOBILIER-BLOC-3-510x519.jpg 510w, https:\/\/mercura-industries.ch\/wp-content\/uploads\/2018\/10\/AJACCIO-MOBILIER-BLOC-3.jpg 1772w\" sizes=\"(max-width: 787px) 100vw, 787px\" \/>\t\t\t\t\t\t\n\t\t\t\t\t<\/div>\n\t\t\t\t\t\t\t\t\n<style>\n#image_914940406 {\n  width: 89%;\n}\n<\/style>\n\t<\/div>\n\t\n\t\t<\/div>\n\t\t\t\t\t<\/div>\n\n\t\n\n\t<div id=\"col-369481177\" class=\"col medium-3 small-6 large-3\"  >\n\t\t\t\t<div class=\"col-inner\"  >\n\t\t\t\n\t\t\t\n\t<div class=\"img has-hover x md-x lg-x y md-y lg-y\" id=\"image_222860977\">\n\t\t\t\t\t\t\t\t<div class=\"img-inner image-zoom dark\" >\n\t\t\t<img width=\"600\" height=\"420\" src=\"https:\/\/mercura-industries.ch\/wp-content\/uploads\/2018\/10\/AJACCIO-MOBILIER-BLOC-4.jpg\" class=\"attachment-large size-large\" alt=\"\" decoding=\"async\" loading=\"lazy\" srcset=\"https:\/\/mercura-industries.ch\/wp-content\/uploads\/2018\/10\/AJACCIO-MOBILIER-BLOC-4.jpg 600w, https:\/\/mercura-industries.ch\/wp-content\/uploads\/2018\/10\/AJACCIO-MOBILIER-BLOC-4-300x210.jpg 300w, https:\/\/mercura-industries.ch\/wp-content\/uploads\/2018\/10\/AJACCIO-MOBILIER-BLOC-4-571x400.jpg 571w, https:\/\/mercura-industries.ch\/wp-content\/uploads\/2018\/10\/AJACCIO-MOBILIER-BLOC-4-510x357.jpg 510w\" sizes=\"(max-width: 600px) 100vw, 600px\" \/>\t\t\t\t\t\t\n\t\t\t\t\t<\/div>\n\t\t\t\t\t\t\t\t\n<style>\n#image_222860977 {\n  width: 100%;\n}\n<\/style>\n\t<\/div>\n\t\n\t\t<\/div>\n\t\t\t\t\t<\/div>\n\n\t\n<\/div>\n<div class=\"row row-small align-equal align-center row-divided\"  id=\"row-266762597\">\n\n\t<div id=\"col-1976596353\" class=\"col small-12 large-12\"  >\n\t\t\t\t<div class=\"col-inner text-center\" style=\"background-color:rgb(239, 239, 239);\" >\n\t\t\t\n\t\t\t\n\t<div id=\"gap-513128376\" class=\"gap-element clearfix\" style=\"display:block; height:auto;\">\n\t\t\n<style>\n#gap-513128376 {\n  padding-top: 15px;\n}\n<\/style>\n\t<\/div>\n\t\n<h4>AJACCIO<\/h4>\n<a rel=\"noopener noreferrer\" href=\"https:\/\/mercura-industries.ch\/PDF\/AJACCIO%20FR-DE.pdf\" target=\"_blank\" class=\"button primary is-outline is-small\"  style=\"border-radius:99px;\">\n    <span>zum PDF<\/span>\n  <\/a>\n\n\t<div id=\"gap-889552326\" class=\"gap-element clearfix\" style=\"display:block; height:auto;\">\n\t\t\n<style>\n#gap-889552326 {\n  padding-top: 10px;\n}\n<\/style>\n\t<\/div>\n\t\n\t\t<\/div>\n\t\t\t\t\t<\/div>\n\n\t\n<\/div>\n<div class=\"row row-small align-middle row-divided\"  id=\"row-1227100835\">\n\n\t<div id=\"col-1665059722\" class=\"col medium-3 small-6 large-3\"  >\n\t\t\t\t<div class=\"col-inner text-center\"  >\n\t\t\t\n\t\t\t\n\t<div class=\"img has-hover x md-x lg-x y md-y lg-y\" id=\"image_832880893\">\n\t\t\t\t\t\t\t\t<div class=\"img-inner image-zoom dark\" >\n\t\t\t<img width=\"1020\" height=\"765\" src=\"https:\/\/mercura-industries.ch\/wp-content\/uploads\/2018\/10\/PORTO-VECCHIO-1-1067x800.jpg\" class=\"attachment-large size-large\" alt=\"\" decoding=\"async\" loading=\"lazy\" srcset=\"https:\/\/mercura-industries.ch\/wp-content\/uploads\/2018\/10\/PORTO-VECCHIO-1-1067x800.jpg 1067w, https:\/\/mercura-industries.ch\/wp-content\/uploads\/2018\/10\/PORTO-VECCHIO-1-300x225.jpg 300w, https:\/\/mercura-industries.ch\/wp-content\/uploads\/2018\/10\/PORTO-VECCHIO-1-533x400.jpg 533w, https:\/\/mercura-industries.ch\/wp-content\/uploads\/2018\/10\/PORTO-VECCHIO-1-768x576.jpg 768w, https:\/\/mercura-industries.ch\/wp-content\/uploads\/2018\/10\/PORTO-VECCHIO-1-510x383.jpg 510w, https:\/\/mercura-industries.ch\/wp-content\/uploads\/2018\/10\/PORTO-VECCHIO-1.jpg 2000w\" sizes=\"(max-width: 1020px) 100vw, 1020px\" \/>\t\t\t\t\t\t\n\t\t\t\t\t<\/div>\n\t\t\t\t\t\t\t\t\n<style>\n#image_832880893 {\n  width: 100%;\n}\n<\/style>\n\t<\/div>\n\t\n\t\t<\/div>\n\t\t\t\t\t<\/div>\n\n\t\n\n\t<div id=\"col-876768953\" class=\"col medium-3 small-6 large-3\"  >\n\t\t\t\t<div class=\"col-inner text-center\"  >\n\t\t\t\n\t\t\t\n\t<div class=\"img has-hover x md-x lg-x y md-y lg-y\" id=\"image_705708674\">\n\t\t\t\t\t\t\t\t<div class=\"img-inner image-zoom dark\" >\n\t\t\t<img width=\"261\" height=\"400\" src=\"https:\/\/mercura-industries.ch\/wp-content\/uploads\/2018\/10\/PORTO-VECCHIO-2-261x400.jpg\" class=\"attachment-medium size-medium\" alt=\"\" decoding=\"async\" loading=\"lazy\" srcset=\"https:\/\/mercura-industries.ch\/wp-content\/uploads\/2018\/10\/PORTO-VECCHIO-2-261x400.jpg 261w, https:\/\/mercura-industries.ch\/wp-content\/uploads\/2018\/10\/PORTO-VECCHIO-2-300x460.jpg 300w, https:\/\/mercura-industries.ch\/wp-content\/uploads\/2018\/10\/PORTO-VECCHIO-2-522x800.jpg 522w, https:\/\/mercura-industries.ch\/wp-content\/uploads\/2018\/10\/PORTO-VECCHIO-2-510x782.jpg 510w, https:\/\/mercura-industries.ch\/wp-content\/uploads\/2018\/10\/PORTO-VECCHIO-2.jpg 600w\" sizes=\"(max-width: 261px) 100vw, 261px\" \/>\t\t\t\t\t\t\n\t\t\t\t\t<\/div>\n\t\t\t\t\t\t\t\t\n<style>\n#image_705708674 {\n  width: 66%;\n}\n<\/style>\n\t<\/div>\n\t\n\t\t<\/div>\n\t\t\t\t\t<\/div>\n\n\t\n\n\t<div id=\"col-559794984\" class=\"col medium-3 small-6 large-3\"  >\n\t\t\t\t<div class=\"col-inner\"  >\n\t\t\t\n\t\t\t\n\t<div class=\"img has-hover x md-x lg-x y md-y lg-y\" id=\"image_1460380351\">\n\t\t\t\t\t\t\t\t<div class=\"img-inner image-zoom dark\" >\n\t\t\t<img width=\"1015\" height=\"800\" src=\"https:\/\/mercura-industries.ch\/wp-content\/uploads\/2018\/10\/PORTO-VECCHIO-3-1015x800.jpg\" class=\"attachment-large size-large\" alt=\"\" decoding=\"async\" loading=\"lazy\" srcset=\"https:\/\/mercura-industries.ch\/wp-content\/uploads\/2018\/10\/PORTO-VECCHIO-3-1015x800.jpg 1015w, https:\/\/mercura-industries.ch\/wp-content\/uploads\/2018\/10\/PORTO-VECCHIO-3-300x236.jpg 300w, https:\/\/mercura-industries.ch\/wp-content\/uploads\/2018\/10\/PORTO-VECCHIO-3-508x400.jpg 508w, https:\/\/mercura-industries.ch\/wp-content\/uploads\/2018\/10\/PORTO-VECCHIO-3-768x605.jpg 768w, https:\/\/mercura-industries.ch\/wp-content\/uploads\/2018\/10\/PORTO-VECCHIO-3-510x402.jpg 510w, https:\/\/mercura-industries.ch\/wp-content\/uploads\/2018\/10\/PORTO-VECCHIO-3.jpg 1772w\" sizes=\"(max-width: 1015px) 100vw, 1015px\" \/>\t\t\t\t\t\t\n\t\t\t\t\t<\/div>\n\t\t\t\t\t\t\t\t\n<style>\n#image_1460380351 {\n  width: 100%;\n}\n<\/style>\n\t<\/div>\n\t\n\t\t<\/div>\n\t\t\t\t\t<\/div>\n\n\t\n\n\t<div id=\"col-2114665237\" class=\"col medium-3 small-12 large-3\"  >\n\t\t\t\t<div class=\"col-inner text-center\"  >\n\t\t\t\n\t\t\t\n\t<div class=\"img has-hover x md-x lg-x y md-y lg-y\" id=\"image_8673419\">\n\t\t\t\t\t\t\t\t<div class=\"img-inner image-zoom dark\" >\n\t\t\t<img width=\"640\" height=\"425\" src=\"https:\/\/mercura-industries.ch\/wp-content\/uploads\/2018\/10\/CALVI.jpeg\" class=\"attachment-large size-large\" alt=\"\" decoding=\"async\" loading=\"lazy\" srcset=\"https:\/\/mercura-industries.ch\/wp-content\/uploads\/2018\/10\/CALVI.jpeg 640w, https:\/\/mercura-industries.ch\/wp-content\/uploads\/2018\/10\/CALVI-300x199.jpeg 300w, https:\/\/mercura-industries.ch\/wp-content\/uploads\/2018\/10\/CALVI-602x400.jpeg 602w, https:\/\/mercura-industries.ch\/wp-content\/uploads\/2018\/10\/CALVI-510x339.jpeg 510w\" sizes=\"(max-width: 640px) 100vw, 640px\" \/>\t\t\t\t\t\t\n\t\t\t\t\t<\/div>\n\t\t\t\t\t\t\t\t\n<style>\n#image_8673419 {\n  width: 100%;\n}\n<\/style>\n\t<\/div>\n\t\n\t\t<\/div>\n\t\t\t\t\t<\/div>\n\n\t\n<\/div>\n<div class=\"row row-small align-equal align-center row-divided\"  id=\"row-1247545469\">\n\n\t<div id=\"col-755209810\" class=\"col medium-9 small-12 large-9\"  >\n\t\t\t\t<div class=\"col-inner text-center\" style=\"background-color:rgb(239, 239, 239);\" >\n\t\t\t\n\t\t\t\n\t<div id=\"gap-680151448\" class=\"gap-element clearfix\" style=\"display:block; height:auto;\">\n\t\t\n<style>\n#gap-680151448 {\n  padding-top: 15px;\n}\n<\/style>\n\t<\/div>\n\t\n<h4>PORTO VECCHIO<\/h4>\n<a rel=\"noopener noreferrer\" href=\"https:\/\/mercura-industries.ch\/PDF\/PORTO%20VECCHIO%20FR-DE.pdf\" target=\"_blank\" class=\"button primary is-outline is-small\"  style=\"border-radius:99px;\">\n    <span>zum PDF<\/span>\n  <\/a>\n\n\t<div id=\"gap-1345908868\" class=\"gap-element clearfix\" style=\"display:block; height:auto;\">\n\t\t\n<style>\n#gap-1345908868 {\n  padding-top: 10px;\n}\n<\/style>\n\t<\/div>\n\t\n\t\t<\/div>\n\t\t\t\t\t<\/div>\n\n\t\n\n\t<div id=\"col-1694984097\" class=\"col medium-3 small-12 large-3\"  >\n\t\t\t\t<div class=\"col-inner text-center\" style=\"background-color:rgb(239, 239, 239);\" >\n\t\t\t\n\t\t\t\n\t<div id=\"gap-1571461016\" class=\"gap-element clearfix\" style=\"display:block; height:auto;\">\n\t\t\n<style>\n#gap-1571461016 {\n  padding-top: 10px;\n}\n<\/style>\n\t<\/div>\n\t\n<h4>CALVI<\/h4>\n<a rel=\"noopener noreferrer\" href=\"https:\/\/mercura-industries.ch\/PDF\/CALVI%20FR-DE.pdf\" target=\"_blank\" class=\"button primary is-outline is-small\"  style=\"border-radius:99px;\">\n    <span>zum PDF<\/span>\n  <\/a>\n\n\t<div id=\"gap-259211706\" class=\"gap-element clearfix\" style=\"display:block; height:auto;\">\n\t\t\n<style>\n#gap-259211706 {\n  padding-top: 15px;\n}\n<\/style>\n\t<\/div>\n\t\n\t\t<\/div>\n\t\t\t\t\t<\/div>\n\n\t\n\n\t<div id=\"col-849339686\" class=\"col medium-3 small-12 large-3\"  >\n\t\t\t\t<div class=\"col-inner text-center\"  >\n\t\t\t\n\t\t\t\n\t<div id=\"gap-141842657\" class=\"gap-element clearfix\" style=\"display:block; height:auto;\">\n\t\t\n<style>\n#gap-141842657 {\n  padding-top: 10px;\n}\n<\/style>\n\t<\/div>\n\t\n\t\t<\/div>\n\t\t\t\t\t<\/div>\n\n\t\n<\/div>\n\t<div id=\"gap-1731459202\" class=\"gap-element clearfix\" style=\"display:block; height:auto;\">\n\t\t\n<style>\n#gap-1731459202 {\n  padding-top: 30px;\n}\n<\/style>\n\t<\/div>\n\t\n<h3><\/h3>\n","protected":false},"excerpt":{"rendered":"<p>Einrichtung f\u00fcr den OP und die pr\u00e4operativen R\u00e4ume<\/p>\n","protected":false},"author":6,"featured_media":0,"parent":0,"menu_order":0,"comment_status":"closed","ping_status":"closed","template":"","meta":[],"_links":{"self":[{"href":"https:\/\/mercura-industries.ch\/de\/wp-json\/wp\/v2\/pages\/4314"}],"collection":[{"href":"https:\/\/mercura-industries.ch\/de\/wp-json\/wp\/v2\/pages"}],"about":[{"href":"https:\/\/mercura-industries.ch\/de\/wp-json\/wp\/v2\/types\/page"}],"author":[{"embeddable":true,"href":"https:\/\/mercura-industries.ch\/de\/wp-json\/wp\/v2\/users\/6"}],"replies":[{"embeddable":true,"href":"https:\/\/mercura-industries.ch\/de\/wp-json\/wp\/v2\/comments?post=4314"}],"version-history":[{"count":1,"href":"https:\/\/mercura-industries.ch\/de\/wp-json\/wp\/v2\/pages\/4314\/revisions"}],"predecessor-version":[{"id":4317,"href":"https:\/\/mercura-industries.ch\/de\/wp-json\/wp\/v2\/pages\/4314\/revisions\/4317"}],"wp:attachment":[{"href":"https:\/\/mercura-industries.ch\/de\/wp-json\/wp\/v2\/media?parent=4314"}],"curies":[{"name":"wp","href":"https:\/\/api.w.org\/{rel}","templated":true}]}}