{"id":1888,"date":"2020-02-13T15:10:15","date_gmt":"2020-02-13T14:10:15","guid":{"rendered":"https:\/\/mercura-industries.ch\/?page_id=1888"},"modified":"2023-03-10T15:28:55","modified_gmt":"2023-03-10T14:28:55","slug":"loesungen-fuer-das-buero","status":"publish","type":"page","link":"https:\/\/mercura-industries.ch\/de\/loesungen-fuer-das-buero\/","title":{"rendered":"L\u00f6sungen F\u00fcr das B\u00fcro"},"content":{"rendered":"<div class=\"row row-full-width\"  id=\"row-821032038\">\n\n\t<div id=\"col-1053750075\" class=\"col small-12 large-12\"  >\n\t\t\t\t<div class=\"col-inner\"  >\n\t\t\t\n\t\t\t\n\t<div id=\"gap-289894807\" class=\"gap-element clearfix\" style=\"display:block; height:auto;\">\n\t\t\n<style>\n#gap-289894807 {\n  padding-top: 30px;\n}\n<\/style>\n\t<\/div>\n\t\n  <div id=\"page-header-840898669\" class=\"page-header-wrapper\">\n  <div class=\"page-title light divided-title\">\n\n    \n    <div class=\"page-title-inner container align-center text-center flex-row-col medium-flex-wrap\" >\n              <div class=\"title-wrapper flex-col\">\n          <h1 class=\"entry-title mb-0\">\n            Unsere L\u00f6sungen f\u00fcr das B\u00fcro          <\/h1>\n        <\/div>\n                    <div class=\"title-content flex-col\">\n        <div class=\"title-breadcrumbs pb-half pt-half\"><nav class=\"woocommerce-breadcrumb breadcrumbs uppercase\">Startseite<\/nav><\/div>      <\/div>\n    <\/div>\n\n       <\/div>\n  <div class=\"container header-wrapper-divider\"><hr\/><\/div>  <\/div>\n  \n\t\t<\/div>\n\t\t\t\t\t<\/div>\n\n\t\n<\/div>\n<div class=\"row\"  id=\"row-1728172067\">\n\n\t<div id=\"col-2022192233\" class=\"col small-12 large-12\"  >\n\t\t\t\t<div class=\"col-inner text-center\"  >\n\t\t\t\n\t\t\t\n\t\t<\/div>\n\t\t\t\t\n<style>\n#col-2022192233 > .col-inner {\n  margin: 0px 0px -39px 0px;\n}\n<\/style>\n\t<\/div>\n\n\t\n<\/div>\n<div class=\"row row-full-width\"  id=\"row-1762611385\">\n\n\t<div id=\"col-217361814\" class=\"col small-12 large-12\"  >\n\t\t\t\t<div class=\"col-inner\"  >\n\t\t\t\n\t\t\t\n<h3><span data-text-color=\"primary\">Unsere L\u00f6sungen f\u00fcr das B\u00fcro :<\/span><\/h3>\n\t\t<\/div>\n\t\t\t\t\t<\/div>\n\n\t\n<\/div>\n<div class=\"row row-small row-full-width align-middle align-center row-divided\"  id=\"row-369967717\">\n\n\t<div id=\"col-1984898202\" class=\"col medium-3 small-6 large-3\"  >\n\t\t\t\t<div class=\"col-inner text-center\"  >\n\t\t\t\n\t\t\t\n\t<div class=\"img has-hover x md-x lg-x y md-y lg-y\" id=\"image_102840943\">\n\t\t\t\t\t\t\t\t<div class=\"img-inner image-zoom dark\" >\n\t\t\t<img width=\"872\" height=\"702\" src=\"https:\/\/mercura-industries.ch\/wp-content\/uploads\/2019\/08\/Capture-d\u2019e\u0301cran-2019-08-09-a\u0300-19.15.57.png\" class=\"attachment-large size-large\" alt=\"\" decoding=\"async\" loading=\"lazy\" srcset=\"https:\/\/mercura-industries.ch\/wp-content\/uploads\/2019\/08\/Capture-d\u2019e\u0301cran-2019-08-09-a\u0300-19.15.57.png 872w, https:\/\/mercura-industries.ch\/wp-content\/uploads\/2019\/08\/Capture-d\u2019e\u0301cran-2019-08-09-a\u0300-19.15.57-300x242.png 300w, https:\/\/mercura-industries.ch\/wp-content\/uploads\/2019\/08\/Capture-d\u2019e\u0301cran-2019-08-09-a\u0300-19.15.57-497x400.png 497w, https:\/\/mercura-industries.ch\/wp-content\/uploads\/2019\/08\/Capture-d\u2019e\u0301cran-2019-08-09-a\u0300-19.15.57-768x618.png 768w, https:\/\/mercura-industries.ch\/wp-content\/uploads\/2019\/08\/Capture-d\u2019e\u0301cran-2019-08-09-a\u0300-19.15.57-510x411.png 510w\" sizes=\"(max-width: 872px) 100vw, 872px\" \/>\t\t\t\t\t\t\n\t\t\t\t\t<\/div>\n\t\t\t\t\t\t\t\t\n<style>\n#image_102840943 {\n  width: 100%;\n}\n<\/style>\n\t<\/div>\n\t\n\t\t<\/div>\n\t\t\t\t\t<\/div>\n\n\t\n\n\t<div id=\"col-983369284\" class=\"col medium-3 small-6 large-3\"  >\n\t\t\t\t<div class=\"col-inner text-center\"  >\n\t\t\t\n\t\t\t\n\t<div class=\"img has-hover x md-x lg-x y md-y lg-y\" id=\"image_113152679\">\n\t\t\t\t\t\t\t\t<div class=\"img-inner image-zoom dark\" >\n\t\t\t<img width=\"548\" height=\"514\" src=\"https:\/\/mercura-industries.ch\/wp-content\/uploads\/2019\/08\/Capture-d\u2019e\u0301cran-2019-08-09-a\u0300-19.16.44.png\" class=\"attachment-large size-large\" alt=\"\" decoding=\"async\" loading=\"lazy\" srcset=\"https:\/\/mercura-industries.ch\/wp-content\/uploads\/2019\/08\/Capture-d\u2019e\u0301cran-2019-08-09-a\u0300-19.16.44.png 548w, https:\/\/mercura-industries.ch\/wp-content\/uploads\/2019\/08\/Capture-d\u2019e\u0301cran-2019-08-09-a\u0300-19.16.44-300x281.png 300w, https:\/\/mercura-industries.ch\/wp-content\/uploads\/2019\/08\/Capture-d\u2019e\u0301cran-2019-08-09-a\u0300-19.16.44-426x400.png 426w, https:\/\/mercura-industries.ch\/wp-content\/uploads\/2019\/08\/Capture-d\u2019e\u0301cran-2019-08-09-a\u0300-19.16.44-510x478.png 510w\" sizes=\"(max-width: 548px) 100vw, 548px\" \/>\t\t\t\t\t\t\n\t\t\t\t\t<\/div>\n\t\t\t\t\t\t\t\t\n<style>\n#image_113152679 {\n  width: 100%;\n}\n<\/style>\n\t<\/div>\n\t\n\t\t<\/div>\n\t\t\t\t\t<\/div>\n\n\t\n\n\t<div id=\"col-1147698441\" class=\"col medium-3 small-6 large-3\"  >\n\t\t\t\t<div class=\"col-inner text-center\"  >\n\t\t\t\n\t\t\t\n\t<div class=\"img has-hover x md-x lg-x y md-y lg-y\" id=\"image_616949769\">\n\t\t\t\t\t\t\t\t<div class=\"img-inner image-zoom dark\" >\n\t\t\t<img width=\"712\" height=\"482\" src=\"https:\/\/mercura-industries.ch\/wp-content\/uploads\/2019\/08\/Capture-d\u2019e\u0301cran-2019-08-09-a\u0300-19.15.15.png\" class=\"attachment-large size-large\" alt=\"\" decoding=\"async\" loading=\"lazy\" srcset=\"https:\/\/mercura-industries.ch\/wp-content\/uploads\/2019\/08\/Capture-d\u2019e\u0301cran-2019-08-09-a\u0300-19.15.15.png 712w, https:\/\/mercura-industries.ch\/wp-content\/uploads\/2019\/08\/Capture-d\u2019e\u0301cran-2019-08-09-a\u0300-19.15.15-300x203.png 300w, https:\/\/mercura-industries.ch\/wp-content\/uploads\/2019\/08\/Capture-d\u2019e\u0301cran-2019-08-09-a\u0300-19.15.15-591x400.png 591w, https:\/\/mercura-industries.ch\/wp-content\/uploads\/2019\/08\/Capture-d\u2019e\u0301cran-2019-08-09-a\u0300-19.15.15-510x345.png 510w\" sizes=\"(max-width: 712px) 100vw, 712px\" \/>\t\t\t\t\t\t\n\t\t\t\t\t<\/div>\n\t\t\t\t\t\t\t\t\n<style>\n#image_616949769 {\n  width: 100%;\n}\n<\/style>\n\t<\/div>\n\t\n\t\t<\/div>\n\t\t\t\t\t<\/div>\n\n\t\n\n\t<div id=\"col-580517940\" class=\"col medium-3 small-6 large-3\"  >\n\t\t\t\t<div class=\"col-inner text-center\"  >\n\t\t\t\n\t\t\t\n\t<div class=\"img has-hover x md-x lg-x y md-y lg-y\" id=\"image_2086734446\">\n\t\t\t\t\t\t\t\t<div class=\"img-inner image-zoom dark\" >\n\t\t\t<img width=\"496\" height=\"558\" src=\"https:\/\/mercura-industries.ch\/wp-content\/uploads\/2019\/08\/Capture-d\u2019e\u0301cran-2019-08-09-a\u0300-19.11.51.png\" class=\"attachment-large size-large\" alt=\"\" decoding=\"async\" loading=\"lazy\" srcset=\"https:\/\/mercura-industries.ch\/wp-content\/uploads\/2019\/08\/Capture-d\u2019e\u0301cran-2019-08-09-a\u0300-19.11.51.png 496w, https:\/\/mercura-industries.ch\/wp-content\/uploads\/2019\/08\/Capture-d\u2019e\u0301cran-2019-08-09-a\u0300-19.11.51-300x338.png 300w, https:\/\/mercura-industries.ch\/wp-content\/uploads\/2019\/08\/Capture-d\u2019e\u0301cran-2019-08-09-a\u0300-19.11.51-356x400.png 356w\" sizes=\"(max-width: 496px) 100vw, 496px\" \/>\t\t\t\t\t\t\n\t\t\t\t\t<\/div>\n\t\t\t\t\t\t\t\t\n<style>\n#image_2086734446 {\n  width: 72%;\n}\n<\/style>\n\t<\/div>\n\t\n\t\t<\/div>\n\t\t\t\t\t<\/div>\n\n\t\n<\/div>\n\t<div id=\"gap-1778892377\" class=\"gap-element clearfix\" style=\"display:block; height:auto;\">\n\t\t\n<style>\n#gap-1778892377 {\n  padding-top: 30px;\n}\n<\/style>\n\t<\/div>\n\t\n<div class=\"row row-small row-full-width align-middle align-center row-divided\"  id=\"row-1911030148\">\n\n\t<div id=\"col-1361274271\" class=\"col medium-3 small-6 large-3\"  >\n\t\t\t\t<div class=\"col-inner text-center\"  >\n\t\t\t\n\t\t\t\n\t<div class=\"img has-hover x md-x lg-x y md-y lg-y\" id=\"image_959312024\">\n\t\t\t\t\t\t\t\t<div class=\"img-inner image-zoom dark\" >\n\t\t\t<img width=\"614\" height=\"478\" src=\"https:\/\/mercura-industries.ch\/wp-content\/uploads\/2019\/08\/Capture-d\u2019e\u0301cran-2019-08-09-a\u0300-19.15.36.png\" class=\"attachment-large size-large\" alt=\"\" decoding=\"async\" loading=\"lazy\" srcset=\"https:\/\/mercura-industries.ch\/wp-content\/uploads\/2019\/08\/Capture-d\u2019e\u0301cran-2019-08-09-a\u0300-19.15.36.png 614w, https:\/\/mercura-industries.ch\/wp-content\/uploads\/2019\/08\/Capture-d\u2019e\u0301cran-2019-08-09-a\u0300-19.15.36-300x234.png 300w, https:\/\/mercura-industries.ch\/wp-content\/uploads\/2019\/08\/Capture-d\u2019e\u0301cran-2019-08-09-a\u0300-19.15.36-514x400.png 514w, https:\/\/mercura-industries.ch\/wp-content\/uploads\/2019\/08\/Capture-d\u2019e\u0301cran-2019-08-09-a\u0300-19.15.36-510x397.png 510w\" sizes=\"(max-width: 614px) 100vw, 614px\" \/>\t\t\t\t\t\t\n\t\t\t\t\t<\/div>\n\t\t\t\t\t\t\t\t\n<style>\n#image_959312024 {\n  width: 100%;\n}\n<\/style>\n\t<\/div>\n\t\n\t\t<\/div>\n\t\t\t\t\t<\/div>\n\n\t\n\n\t<div id=\"col-384904229\" class=\"col medium-3 small-6 large-3\"  >\n\t\t\t\t<div class=\"col-inner text-center\"  >\n\t\t\t\n\t\t\t\n\t<div class=\"img has-hover x md-x lg-x y md-y lg-y\" id=\"image_1069353157\">\n\t\t\t\t\t\t\t\t<div class=\"img-inner image-zoom dark\" >\n\t\t\t<img width=\"598\" height=\"506\" src=\"https:\/\/mercura-industries.ch\/wp-content\/uploads\/2019\/08\/Capture-d\u2019e\u0301cran-2019-08-09-a\u0300-19.14.17.png\" class=\"attachment-large size-large\" alt=\"\" decoding=\"async\" loading=\"lazy\" srcset=\"https:\/\/mercura-industries.ch\/wp-content\/uploads\/2019\/08\/Capture-d\u2019e\u0301cran-2019-08-09-a\u0300-19.14.17.png 598w, https:\/\/mercura-industries.ch\/wp-content\/uploads\/2019\/08\/Capture-d\u2019e\u0301cran-2019-08-09-a\u0300-19.14.17-300x254.png 300w, https:\/\/mercura-industries.ch\/wp-content\/uploads\/2019\/08\/Capture-d\u2019e\u0301cran-2019-08-09-a\u0300-19.14.17-473x400.png 473w, https:\/\/mercura-industries.ch\/wp-content\/uploads\/2019\/08\/Capture-d\u2019e\u0301cran-2019-08-09-a\u0300-19.14.17-510x432.png 510w\" sizes=\"(max-width: 598px) 100vw, 598px\" \/>\t\t\t\t\t\t\n\t\t\t\t\t<\/div>\n\t\t\t\t\t\t\t\t\n<style>\n#image_1069353157 {\n  width: 100%;\n}\n<\/style>\n\t<\/div>\n\t\n\t\t<\/div>\n\t\t\t\t\t<\/div>\n\n\t\n\n\t<div id=\"col-1758818836\" class=\"col medium-3 small-6 large-3\"  >\n\t\t\t\t<div class=\"col-inner text-center\"  >\n\t\t\t\n\t\t\t\n\t<div class=\"img has-hover x md-x lg-x y md-y lg-y\" id=\"image_827134139\">\n\t\t\t\t\t\t\t\t<div class=\"img-inner image-zoom dark\" >\n\t\t\t<img width=\"668\" height=\"734\" src=\"https:\/\/mercura-industries.ch\/wp-content\/uploads\/2019\/08\/Capture-d\u2019e\u0301cran-2019-08-09-a\u0300-19.06.39.png\" class=\"attachment-large size-large\" alt=\"\" decoding=\"async\" loading=\"lazy\" srcset=\"https:\/\/mercura-industries.ch\/wp-content\/uploads\/2019\/08\/Capture-d\u2019e\u0301cran-2019-08-09-a\u0300-19.06.39.png 668w, https:\/\/mercura-industries.ch\/wp-content\/uploads\/2019\/08\/Capture-d\u2019e\u0301cran-2019-08-09-a\u0300-19.06.39-300x330.png 300w, https:\/\/mercura-industries.ch\/wp-content\/uploads\/2019\/08\/Capture-d\u2019e\u0301cran-2019-08-09-a\u0300-19.06.39-364x400.png 364w, https:\/\/mercura-industries.ch\/wp-content\/uploads\/2019\/08\/Capture-d\u2019e\u0301cran-2019-08-09-a\u0300-19.06.39-510x560.png 510w\" sizes=\"(max-width: 668px) 100vw, 668px\" \/>\t\t\t\t\t\t\n\t\t\t\t\t<\/div>\n\t\t\t\t\t\t\t\t\n<style>\n#image_827134139 {\n  width: 100%;\n}\n<\/style>\n\t<\/div>\n\t\n\t\t<\/div>\n\t\t\t\t\t<\/div>\n\n\t\n\n\t<div id=\"col-1871994159\" class=\"col medium-3 small-6 large-3\"  >\n\t\t\t\t<div class=\"col-inner text-center\"  >\n\t\t\t\n\t\t\t\n\t<div class=\"img has-hover x md-x lg-x y md-y lg-y\" id=\"image_519081012\">\n\t\t\t\t\t\t\t\t<div class=\"img-inner image-zoom dark\" >\n\t\t\t<img width=\"494\" height=\"728\" src=\"https:\/\/mercura-industries.ch\/wp-content\/uploads\/2019\/08\/Capture-d\u2019e\u0301cran-2019-08-09-a\u0300-19.06.54.png\" class=\"attachment-large size-large\" alt=\"\" decoding=\"async\" loading=\"lazy\" srcset=\"https:\/\/mercura-industries.ch\/wp-content\/uploads\/2019\/08\/Capture-d\u2019e\u0301cran-2019-08-09-a\u0300-19.06.54.png 494w, https:\/\/mercura-industries.ch\/wp-content\/uploads\/2019\/08\/Capture-d\u2019e\u0301cran-2019-08-09-a\u0300-19.06.54-300x442.png 300w, https:\/\/mercura-industries.ch\/wp-content\/uploads\/2019\/08\/Capture-d\u2019e\u0301cran-2019-08-09-a\u0300-19.06.54-271x400.png 271w\" sizes=\"(max-width: 494px) 100vw, 494px\" \/>\t\t\t\t\t\t\n\t\t\t\t\t<\/div>\n\t\t\t\t\t\t\t\t\n<style>\n#image_519081012 {\n  width: 72%;\n}\n<\/style>\n\t<\/div>\n\t\n\t\t<\/div>\n\t\t\t\t\t<\/div>\n\n\t\n<\/div>\n\t<div id=\"gap-317438794\" class=\"gap-element clearfix\" style=\"display:block; height:auto;\">\n\t\t\n<style>\n#gap-317438794 {\n  padding-top: 30px;\n}\n<\/style>\n\t<\/div>\n\t\n<div class=\"row row-small row-full-width align-middle align-center row-divided\"  id=\"row-2135540028\">\n\n\t<div id=\"col-1508869724\" class=\"col medium-3 small-6 large-3\"  >\n\t\t\t\t<div class=\"col-inner text-center\"  >\n\t\t\t\n\t\t\t\n\t<div class=\"img has-hover x md-x lg-x y md-y lg-y\" id=\"image_1022216024\">\n\t\t\t\t\t\t\t\t<div class=\"img-inner image-zoom dark\" >\n\t\t\t<img width=\"465\" height=\"800\" src=\"https:\/\/mercura-industries.ch\/wp-content\/uploads\/2019\/08\/Capture-d\u2019e\u0301cran-2019-08-09-a\u0300-19.08.35-465x800.png\" class=\"attachment-large size-large\" alt=\"\" decoding=\"async\" loading=\"lazy\" srcset=\"https:\/\/mercura-industries.ch\/wp-content\/uploads\/2019\/08\/Capture-d\u2019e\u0301cran-2019-08-09-a\u0300-19.08.35-465x800.png 465w, https:\/\/mercura-industries.ch\/wp-content\/uploads\/2019\/08\/Capture-d\u2019e\u0301cran-2019-08-09-a\u0300-19.08.35-300x516.png 300w, https:\/\/mercura-industries.ch\/wp-content\/uploads\/2019\/08\/Capture-d\u2019e\u0301cran-2019-08-09-a\u0300-19.08.35-233x400.png 233w, https:\/\/mercura-industries.ch\/wp-content\/uploads\/2019\/08\/Capture-d\u2019e\u0301cran-2019-08-09-a\u0300-19.08.35-510x877.png 510w, https:\/\/mercura-industries.ch\/wp-content\/uploads\/2019\/08\/Capture-d\u2019e\u0301cran-2019-08-09-a\u0300-19.08.35.png 562w\" sizes=\"(max-width: 465px) 100vw, 465px\" \/>\t\t\t\t\t\t\n\t\t\t\t\t<\/div>\n\t\t\t\t\t\t\t\t\n<style>\n#image_1022216024 {\n  width: 71%;\n}\n<\/style>\n\t<\/div>\n\t\n\t\t<\/div>\n\t\t\t\t\t<\/div>\n\n\t\n\n\t<div id=\"col-634250839\" class=\"col medium-3 small-6 large-3\"  >\n\t\t\t\t<div class=\"col-inner text-center\"  >\n\t\t\t\n\t\t\t\n\t<div class=\"img has-hover x md-x lg-x y md-y lg-y\" id=\"image_814694440\">\n\t\t\t\t\t\t\t\t<div class=\"img-inner image-zoom dark\" >\n\t\t\t<img width=\"432\" height=\"634\" src=\"https:\/\/mercura-industries.ch\/wp-content\/uploads\/2019\/08\/Capture-d\u2019e\u0301cran-2019-08-09-a\u0300-19.10.52.png\" class=\"attachment-large size-large\" alt=\"\" decoding=\"async\" loading=\"lazy\" srcset=\"https:\/\/mercura-industries.ch\/wp-content\/uploads\/2019\/08\/Capture-d\u2019e\u0301cran-2019-08-09-a\u0300-19.10.52.png 432w, https:\/\/mercura-industries.ch\/wp-content\/uploads\/2019\/08\/Capture-d\u2019e\u0301cran-2019-08-09-a\u0300-19.10.52-300x440.png 300w, https:\/\/mercura-industries.ch\/wp-content\/uploads\/2019\/08\/Capture-d\u2019e\u0301cran-2019-08-09-a\u0300-19.10.52-273x400.png 273w\" sizes=\"(max-width: 432px) 100vw, 432px\" \/>\t\t\t\t\t\t\n\t\t\t\t\t<\/div>\n\t\t\t\t\t\t\t\t\n<style>\n#image_814694440 {\n  width: 86%;\n}\n<\/style>\n\t<\/div>\n\t\n\t\t<\/div>\n\t\t\t\t\t<\/div>\n\n\t\n\n\t<div id=\"col-2012629479\" class=\"col medium-3 small-6 large-3\"  >\n\t\t\t\t<div class=\"col-inner text-center\"  >\n\t\t\t\n\t\t\t\n\t<div class=\"img has-hover x md-x lg-x y md-y lg-y\" id=\"image_390311324\">\n\t\t\t\t\t\t\t\t<div class=\"img-inner image-zoom dark\" >\n\t\t\t<img width=\"526\" height=\"634\" src=\"https:\/\/mercura-industries.ch\/wp-content\/uploads\/2019\/08\/Capture-d\u2019e\u0301cran-2019-08-09-a\u0300-19.14.34.png\" class=\"attachment-large size-large\" alt=\"\" decoding=\"async\" loading=\"lazy\" srcset=\"https:\/\/mercura-industries.ch\/wp-content\/uploads\/2019\/08\/Capture-d\u2019e\u0301cran-2019-08-09-a\u0300-19.14.34.png 526w, https:\/\/mercura-industries.ch\/wp-content\/uploads\/2019\/08\/Capture-d\u2019e\u0301cran-2019-08-09-a\u0300-19.14.34-300x362.png 300w, https:\/\/mercura-industries.ch\/wp-content\/uploads\/2019\/08\/Capture-d\u2019e\u0301cran-2019-08-09-a\u0300-19.14.34-332x400.png 332w, https:\/\/mercura-industries.ch\/wp-content\/uploads\/2019\/08\/Capture-d\u2019e\u0301cran-2019-08-09-a\u0300-19.14.34-510x615.png 510w\" sizes=\"(max-width: 526px) 100vw, 526px\" \/>\t\t\t\t\t\t\n\t\t\t\t\t<\/div>\n\t\t\t\t\t\t\t\t\n<style>\n#image_390311324 {\n  width: 100%;\n}\n<\/style>\n\t<\/div>\n\t\n\t\t<\/div>\n\t\t\t\t\t<\/div>\n\n\t\n\n\t<div id=\"col-1151715252\" class=\"col medium-3 small-6 large-3\"  >\n\t\t\t\t<div class=\"col-inner text-center\"  >\n\t\t\t\n\t\t\t\n\t<div class=\"img has-hover x md-x lg-x y md-y lg-y\" id=\"image_1003639003\">\n\t\t\t\t\t\t\t\t<div class=\"img-inner image-zoom dark\" >\n\t\t\t<img width=\"538\" height=\"634\" src=\"https:\/\/mercura-industries.ch\/wp-content\/uploads\/2019\/08\/Capture-d\u2019e\u0301cran-2019-08-09-a\u0300-19.10.59.png\" class=\"attachment-large size-large\" alt=\"\" decoding=\"async\" loading=\"lazy\" srcset=\"https:\/\/mercura-industries.ch\/wp-content\/uploads\/2019\/08\/Capture-d\u2019e\u0301cran-2019-08-09-a\u0300-19.10.59.png 538w, https:\/\/mercura-industries.ch\/wp-content\/uploads\/2019\/08\/Capture-d\u2019e\u0301cran-2019-08-09-a\u0300-19.10.59-300x354.png 300w, https:\/\/mercura-industries.ch\/wp-content\/uploads\/2019\/08\/Capture-d\u2019e\u0301cran-2019-08-09-a\u0300-19.10.59-339x400.png 339w, https:\/\/mercura-industries.ch\/wp-content\/uploads\/2019\/08\/Capture-d\u2019e\u0301cran-2019-08-09-a\u0300-19.10.59-510x601.png 510w\" sizes=\"(max-width: 538px) 100vw, 538px\" \/>\t\t\t\t\t\t\n\t\t\t\t\t<\/div>\n\t\t\t\t\t\t\t\t\n<style>\n#image_1003639003 {\n  width: 100%;\n}\n<\/style>\n\t<\/div>\n\t\n\t\t<\/div>\n\t\t\t\t\t<\/div>\n\n\t\n<\/div>\n\t<div id=\"gap-1891031185\" class=\"gap-element clearfix\" style=\"display:block; height:auto;\">\n\t\t\n<style>\n#gap-1891031185 {\n  padding-top: 30px;\n}\n<\/style>\n\t<\/div>\n\t\n<div class=\"row row-small row-full-width align-middle align-center row-divided\"  id=\"row-1549115031\">\n\n\t<div id=\"col-1082661481\" class=\"col medium-3 small-6 large-3\"  >\n\t\t\t\t<div class=\"col-inner text-center\"  >\n\t\t\t\n\t\t\t\n\t<div class=\"img has-hover x md-x lg-x y md-y lg-y\" id=\"image_691797269\">\n\t\t\t\t\t\t\t\t<div class=\"img-inner image-zoom dark\" >\n\t\t\t<img width=\"512\" height=\"460\" src=\"https:\/\/mercura-industries.ch\/wp-content\/uploads\/2019\/08\/Capture-d\u2019e\u0301cran-2019-08-09-a\u0300-19.16.15.png\" class=\"attachment-large size-large\" alt=\"\" decoding=\"async\" loading=\"lazy\" srcset=\"https:\/\/mercura-industries.ch\/wp-content\/uploads\/2019\/08\/Capture-d\u2019e\u0301cran-2019-08-09-a\u0300-19.16.15.png 512w, https:\/\/mercura-industries.ch\/wp-content\/uploads\/2019\/08\/Capture-d\u2019e\u0301cran-2019-08-09-a\u0300-19.16.15-300x270.png 300w, https:\/\/mercura-industries.ch\/wp-content\/uploads\/2019\/08\/Capture-d\u2019e\u0301cran-2019-08-09-a\u0300-19.16.15-445x400.png 445w, https:\/\/mercura-industries.ch\/wp-content\/uploads\/2019\/08\/Capture-d\u2019e\u0301cran-2019-08-09-a\u0300-19.16.15-510x458.png 510w\" sizes=\"(max-width: 512px) 100vw, 512px\" \/>\t\t\t\t\t\t\n\t\t\t\t\t<\/div>\n\t\t\t\t\t\t\t\t\n<style>\n#image_691797269 {\n  width: 100%;\n}\n<\/style>\n\t<\/div>\n\t\n\t\t<\/div>\n\t\t\t\t\t<\/div>\n\n\t\n\n\t<div id=\"col-1421051188\" class=\"col medium-3 small-6 large-3\"  >\n\t\t\t\t<div class=\"col-inner text-center\"  >\n\t\t\t\n\t\t\t\n\t<div class=\"img has-hover x md-x lg-x y md-y lg-y\" id=\"image_756273909\">\n\t\t\t\t\t\t\t\t<div class=\"img-inner image-zoom dark\" >\n\t\t\t<img width=\"568\" height=\"446\" src=\"https:\/\/mercura-industries.ch\/wp-content\/uploads\/2019\/08\/Capture-d\u2019e\u0301cran-2019-08-09-a\u0300-19.16.23.png\" class=\"attachment-large size-large\" alt=\"\" decoding=\"async\" loading=\"lazy\" srcset=\"https:\/\/mercura-industries.ch\/wp-content\/uploads\/2019\/08\/Capture-d\u2019e\u0301cran-2019-08-09-a\u0300-19.16.23.png 568w, https:\/\/mercura-industries.ch\/wp-content\/uploads\/2019\/08\/Capture-d\u2019e\u0301cran-2019-08-09-a\u0300-19.16.23-300x236.png 300w, https:\/\/mercura-industries.ch\/wp-content\/uploads\/2019\/08\/Capture-d\u2019e\u0301cran-2019-08-09-a\u0300-19.16.23-509x400.png 509w, https:\/\/mercura-industries.ch\/wp-content\/uploads\/2019\/08\/Capture-d\u2019e\u0301cran-2019-08-09-a\u0300-19.16.23-510x400.png 510w\" sizes=\"(max-width: 568px) 100vw, 568px\" \/>\t\t\t\t\t\t\n\t\t\t\t\t<\/div>\n\t\t\t\t\t\t\t\t\n<style>\n#image_756273909 {\n  width: 100%;\n}\n<\/style>\n\t<\/div>\n\t\n\t\t<\/div>\n\t\t\t\t\t<\/div>\n\n\t\n\n\t<div id=\"col-906490490\" class=\"col medium-3 small-6 large-3\"  >\n\t\t\t\t<div class=\"col-inner text-center\"  >\n\t\t\t\n\t\t\t\n\t\t<\/div>\n\t\t\t\t\t<\/div>\n\n\t\n\n\t<div id=\"col-462453106\" class=\"col medium-3 small-6 large-3\"  >\n\t\t\t\t<div class=\"col-inner text-center\"  >\n\t\t\t\n\t\t\t\n\t\t<\/div>\n\t\t\t\t\t<\/div>\n\n\t\n<\/div>\n<div class=\"row align-equal align-center\" style=\"max-width:1600px\" id=\"row-1710020552\">\n\n\t<div id=\"col-2086764921\" class=\"col small-12 large-12\"  >\n\t\t\t\t<div class=\"col-inner text-center\" style=\"background-color:rgb(235, 235, 235);\" >\n\t\t\t\n\t\t\t\n<h3>Unsere L\u00f6sungen f\u00fcr das B\u00fcro<\/h3>\n<a href=\"https:\/\/mercura-industries.ch\/PDF\/MERCURA%20-%20MOBILIER%20DE%20BUREAU%20CP%20FR.pdf\" target=\"_self\" class=\"button primary is-outline https:\/\/mercura-industries.ch\/wp-content\/PDF\/DANS-LA-CHAMBRE-FR.pdf\"  style=\"border-radius:99px;\">\n    <span>zum PDF<\/span>\n  <\/a>\n\n\t\t<\/div>\n\t\t\t\t\t<\/div>\n\n\t\n<\/div>\n","protected":false},"excerpt":{"rendered":"","protected":false},"author":1,"featured_media":0,"parent":0,"menu_order":0,"comment_status":"closed","ping_status":"closed","template":"","meta":[],"_links":{"self":[{"href":"https:\/\/mercura-industries.ch\/de\/wp-json\/wp\/v2\/pages\/1888"}],"collection":[{"href":"https:\/\/mercura-industries.ch\/de\/wp-json\/wp\/v2\/pages"}],"about":[{"href":"https:\/\/mercura-industries.ch\/de\/wp-json\/wp\/v2\/types\/page"}],"author":[{"embeddable":true,"href":"https:\/\/mercura-industries.ch\/de\/wp-json\/wp\/v2\/users\/1"}],"replies":[{"embeddable":true,"href":"https:\/\/mercura-industries.ch\/de\/wp-json\/wp\/v2\/comments?post=1888"}],"version-history":[{"count":12,"href":"https:\/\/mercura-industries.ch\/de\/wp-json\/wp\/v2\/pages\/1888\/revisions"}],"predecessor-version":[{"id":4670,"href":"https:\/\/mercura-industries.ch\/de\/wp-json\/wp\/v2\/pages\/1888\/revisions\/4670"}],"wp:attachment":[{"href":"https:\/\/mercura-industries.ch\/de\/wp-json\/wp\/v2\/media?parent=1888"}],"curies":[{"name":"wp","href":"https:\/\/api.w.org\/{rel}","templated":true}]}}