{"id":1805,"date":"2020-01-31T20:06:04","date_gmt":"2020-01-31T19:06:04","guid":{"rendered":"https:\/\/mercura-industries.ch\/?page_id=1805"},"modified":"2023-08-04T08:30:15","modified_gmt":"2023-08-04T07:30:15","slug":"startseite","status":"publish","type":"page","link":"https:\/\/mercura-industries.ch\/de\/","title":{"rendered":"Startseite"},"content":{"rendered":"\t<div id=\"gap-1644703447\" class=\"gap-element clearfix\" style=\"display:block; height:auto;\">\n\t\t\n<style>\n#gap-1644703447 {\n  padding-top: 30px;\n}\n<\/style>\n\t<\/div>\n\t\n<div class=\"row align-center\"  id=\"row-407615696\">\n\n\t<div id=\"col-342181059\" class=\"col small-12 large-12\"  >\n\t\t\t\t<div class=\"col-inner\"  >\n\t\t\t\n\t\t\t\n<p><img decoding=\"async\" loading=\"lazy\" class=\"aligncenter wp-image-2949 size-full\" src=\"https:\/\/mercura-industries.ch\/wp-content\/uploads\/2022\/04\/MOBILES-SOLUTIONS-EXPERT-1.png\" alt=\"\" width=\"1067\" height=\"500\" srcset=\"https:\/\/mercura-industries.ch\/wp-content\/uploads\/2022\/04\/MOBILES-SOLUTIONS-EXPERT-1.png 1067w, https:\/\/mercura-industries.ch\/wp-content\/uploads\/2022\/04\/MOBILES-SOLUTIONS-EXPERT-1-300x141.png 300w\" sizes=\"(max-width: 1067px) 100vw, 1067px\" \/><\/p>\n\t\t<\/div>\n\t\t\t\t\t<\/div>\n\n\t\n<\/div>\n\t<div id=\"gap-1564002808\" class=\"gap-element clearfix\" style=\"display:block; height:auto;\">\n\t\t\n<style>\n#gap-1564002808 {\n  padding-top: 30px;\n}\n<\/style>\n\t<\/div>\n\t\n<div class=\"row\"  id=\"row-442118880\">\n\n\t<div id=\"col-1544403888\" class=\"col small-12 large-12\"  >\n\t\t\t\t<div class=\"col-inner\"  >\n\t\t\t\n\t\t\t\n<div class=\"row align-center\"  id=\"row-512832695\">\n\n\t<div id=\"col-1888386744\" class=\"col medium-11 small-12 large-11\"  >\n\t\t\t\t<div class=\"col-inner\"  >\n\t\t\t\n\t\t\t\n<p style=\"text-align: center;\" data-mce-style=\"text-align: center;\"><span data-text-color=\"primary\"><strong>MERCURA<sup>\u00ae<\/sup> INDUSTRIES Schweiz AG<\/strong><\/span> ist der Spezialist f\u00fcr <strong>hochwertige mobile<\/strong> <strong>L\u00f6sungen <\/strong>und<strong> Ausr\u00fcstungsg\u00fcter<\/strong> f\u00fcr <strong>den professionellen Einsatz<\/strong>, <strong>ob Standard oder kundenspezifisch<\/strong>, f\u00fcr Krankenh\u00e4user, Kliniken, Arztpraxen, Hotels, W\u00e4schereien, Industrie, Flugh\u00e4fen, etc.<\/p>\n<p style=\"text-align: center;\" data-mce-style=\"text-align: center;\">Indem sich die, <span data-text-color=\"primary\"><strong>MERCURA<sup>\u00ae<\/sup> INDUSTRIES Schweiz AG<\/strong>&nbsp;mit seri\u00f6sen und zuverl\u00e4ssigen<br \/>Herstellern umgibt, ist sie der ideale <strong>Partner<\/strong> f\u00fcr eine <strong>anspruchsvolle Kundschaft<\/strong>.<\/span><\/p>\n<p style=\"text-align: center;\" data-mce-style=\"text-align: center;\">Wir stellen <strong>unsere Erfahrung in Ihren Dienst.<\/strong><\/p>\n<p style=\"text-align: center;\" data-mce-style=\"text-align: center;\">Teilen Sie uns Ihre Projekte, Ihre W\u00fcnsche, Ihre Ideen, und wir werden unser Bestes tun, um Ihnen <strong>die L\u00f6sung anzubieten<\/strong>, die am meinstens an die Bed\u00fcrfnisse der Benutzer und an die betriebliche Realit\u00e4t angepasst ist.<\/p>\n\t\t<\/div>\n\t\t\t\t\t<\/div>\n\n\t\n<\/div>\n<div class=\"text-center\"><div class=\"is-divider divider clearfix\" style=\"max-width:400px;\"><\/div><\/div>\n\t\t<\/div>\n\t\t\t\t\t<\/div>\n\n\t\n<\/div>\n<div class=\"row\"  id=\"row-1977301945\">\n\n\t<div id=\"col-1605059047\" class=\"col small-12 large-12\"  >\n\t\t\t\t<div class=\"col-inner\"  >\n\t\t\t\n\t\t\t\n<h2 style=\"text-align: center;\" data-mce-style=\"text-align: center;\"><span data-text-color=\"primary\">Eine breite Palette von Produkten, die VON und F\u00dcR Profis entwickelt werden.<\/span><\/h2>\n\t<div id=\"gap-108585504\" class=\"gap-element clearfix\" style=\"display:block; height:auto;\">\n\t\t\n<style>\n#gap-108585504 {\n  padding-top: 30px;\n}\n<\/style>\n\t<\/div>\n\t\n<div class=\"text-center\"><div class=\"is-divider divider clearfix\" style=\"max-width:400px;\"><\/div><\/div>\n\t<div id=\"gap-1468100804\" class=\"gap-element clearfix\" style=\"display:block; height:auto;\">\n\t\t\n<style>\n#gap-1468100804 {\n  padding-top: 30px;\n}\n<\/style>\n\t<\/div>\n\t\n<h2 style=\"text-align: center;\" data-mce-style=\"text-align: center;\"><span data-text-color=\"primary\">Nos solutions :<\/span><\/h2>\n\t\t<\/div>\n\t\t\t\t\t<\/div>\n\n\t\n<\/div>\n<div class=\"row row-small align-equal align-center row-box-shadow-3 row-box-shadow-5-hover\"  id=\"row-2076162638\">\n\n\t<div id=\"col-2034771703\" class=\"col small-12 large-12\"  >\n\t\t\t\t<div class=\"col-inner\"  >\n\t\t\t\n\t\t\t\n\t<div class=\"box has-hover   has-hover box-bounce box-text-bottom\" >\n\n\t\t<div class=\"box-image\" >\n\t\t\t\t\t\t<div class=\"image-cover\" style=\"padding-top:17px;\">\n\t\t\t\t<img width=\"400\" height=\"200\" src=\"https:\/\/mercura-industries.ch\/wp-content\/uploads\/2018\/07\/bg_cat.jpg\" class=\"attachment- size-\" alt=\"\" decoding=\"async\" loading=\"lazy\" srcset=\"https:\/\/mercura-industries.ch\/wp-content\/uploads\/2018\/07\/bg_cat.jpg 400w, https:\/\/mercura-industries.ch\/wp-content\/uploads\/2018\/07\/bg_cat-300x150.jpg 300w\" sizes=\"(max-width: 400px) 100vw, 400px\" \/>\t\t\t\t\t\t\t\t\t\t\t<\/div>\n\t\t\t\t\t<\/div>\n\n\t\t<div class=\"box-text text-center\" >\n\t\t\t<div class=\"box-text-inner\">\n\t\t\t\t\n<h3><a href=\"https:\/\/mercura-industries.ch\/de\/loesungen-fuer-den-medizinischen-bereich\/\">F\u00fcr den medizinischen Bereich: Spit\u00e4ler &#8211; Kliniken &#8211; Heime &#8211; Praxis<\/a><\/h3>\n\t\t\t<\/div>\n\t\t<\/div>\n\t<\/div>\n\t\n\t\t<\/div>\n\t\t\t\t\t<\/div>\n\n\t\n<\/div>\n<div class=\"row row-small align-equal align-center row-box-shadow-3 row-box-shadow-5-hover\"  id=\"row-1235378310\">\n\n\t<div id=\"col-1976722967\" class=\"col medium-4 small-12 large-4\"  >\n\t\t\t\t<div class=\"col-inner\"  >\n\t\t\t\n\t\t\t\n\t<div class=\"box has-hover   has-hover box-shadow-1 box-bounce box-text-bottom\" >\n\n\t\t<div class=\"box-image\" >\n\t\t\t<a href=\"http:\/\/wooffy.org\/solutions-pour-le-circuit-du-linge-et-des-dechets\/\" >\t\t\t<div class=\"image-cover\" style=\"padding-top:17px;\">\n\t\t\t\t<img width=\"400\" height=\"200\" src=\"https:\/\/mercura-industries.ch\/wp-content\/uploads\/2018\/07\/bg_cat.jpg\" class=\"attachment- size-\" alt=\"\" decoding=\"async\" loading=\"lazy\" srcset=\"https:\/\/mercura-industries.ch\/wp-content\/uploads\/2018\/07\/bg_cat.jpg 400w, https:\/\/mercura-industries.ch\/wp-content\/uploads\/2018\/07\/bg_cat-300x150.jpg 300w\" sizes=\"(max-width: 400px) 100vw, 400px\" \/>\t\t\t\t\t\t\t\t\t\t\t<\/div>\n\t\t\t<\/a>\t\t<\/div>\n\n\t\t<div class=\"box-text text-center\" >\n\t\t\t<div class=\"box-text-inner\">\n\t\t\t\t\n<h3><a href=\"https:\/\/mercura-industries.ch\/de\/fuer-die-waesche-und-oder-abfalllogistik\/\">F\u00fcr die W\u00e4sche und\/oder Abfall-Logistik<\/a><\/h3>\n\t\t\t<\/div>\n\t\t<\/div>\n\t<\/div>\n\t\n\t\t<\/div>\n\t\t\t\t\t<\/div>\n\n\t\n\n\t<div id=\"col-2063100156\" class=\"col medium-4 small-12 large-4\"  >\n\t\t\t\t<div class=\"col-inner\"  >\n\t\t\t\n\t\t\t\n\t<div class=\"box has-hover   has-hover box-bounce box-text-bottom\" >\n\n\t\t<div class=\"box-image\" >\n\t\t\t<a href=\"https:\/\/mercura-industries.ch\/de\/loesungen-fuer-das-hotel-und-gaststaettengewerbe\/\" >\t\t\t<div class=\"image-cover\" style=\"padding-top:17px;\">\n\t\t\t\t<img width=\"400\" height=\"200\" src=\"https:\/\/mercura-industries.ch\/wp-content\/uploads\/2018\/07\/bg_cat.jpg\" class=\"attachment- size-\" alt=\"\" decoding=\"async\" loading=\"lazy\" srcset=\"https:\/\/mercura-industries.ch\/wp-content\/uploads\/2018\/07\/bg_cat.jpg 400w, https:\/\/mercura-industries.ch\/wp-content\/uploads\/2018\/07\/bg_cat-300x150.jpg 300w\" sizes=\"(max-width: 400px) 100vw, 400px\" \/>\t\t\t\t\t\t\t\t\t\t\t<\/div>\n\t\t\t<\/a>\t\t<\/div>\n\n\t\t<div class=\"box-text text-center\" >\n\t\t\t<div class=\"box-text-inner\">\n\t\t\t\t\n<h3><a href=\"https:\/\/mercura-industries.ch\/de\/loesungen-fuer-das-hotel-und-gaststaettengewerbe\/\">F\u00fcr das Hotel und Gastst\u00e4ttengewerbe<\/a><\/h3>\n\t\t\t<\/div>\n\t\t<\/div>\n\t<\/div>\n\t\n\t\t<\/div>\n\t\t\t\t\t<\/div>\n\n\t\n\n\t<div id=\"col-903832039\" class=\"col medium-4 small-12 large-4\"  >\n\t\t\t\t<div class=\"col-inner\"  >\n\t\t\t\n\t\t\t\n\t<div class=\"box has-hover   has-hover box-bounce box-text-bottom\" >\n\n\t\t<div class=\"box-image\" >\n\t\t\t\t\t\t<div class=\"image-cover\" style=\"padding-top:17px;\">\n\t\t\t\t<img width=\"400\" height=\"200\" src=\"https:\/\/mercura-industries.ch\/wp-content\/uploads\/2018\/07\/bg_cat.jpg\" class=\"attachment- size-\" alt=\"\" decoding=\"async\" loading=\"lazy\" srcset=\"https:\/\/mercura-industries.ch\/wp-content\/uploads\/2018\/07\/bg_cat.jpg 400w, https:\/\/mercura-industries.ch\/wp-content\/uploads\/2018\/07\/bg_cat-300x150.jpg 300w\" sizes=\"(max-width: 400px) 100vw, 400px\" \/>\t\t\t\t\t\t\t\t\t\t\t<\/div>\n\t\t\t\t\t<\/div>\n\n\t\t<div class=\"box-text text-center\" >\n\t\t\t<div class=\"box-text-inner\">\n\t\t\t\t\n<h3><a href=\"https:\/\/mercura-industries.ch\/de\/loesungen-fuer-das-buero\/\">F\u00fcr das B\u00fcro<\/a><\/h3>\n\t\t\t<\/div>\n\t\t<\/div>\n\t<\/div>\n\t\n\t\t<\/div>\n\t\t\t\t\t<\/div>\n\n\t\n<\/div>\n<div class=\"row row-small align-equal align-center row-box-shadow-3 row-box-shadow-5-hover\" style=\"max-width:1200px\" id=\"row-1780902147\">\n\n\t<div id=\"col-428574792\" class=\"col medium-6 small-12 large-6\"  >\n\t\t\t\t<div class=\"col-inner\"  >\n\t\t\t\n\t\t\t\n\t<div class=\"box has-hover   has-hover box-bounce box-text-bottom\" >\n\n\t\t<div class=\"box-image\" >\n\t\t\t<a href=\"https:\/\/mercura-industries.ch\/de\/lagerung-wartung-und-reinigung-loesungen\/\" >\t\t\t<div class=\"image-cover\" style=\"padding-top:17px;\">\n\t\t\t\t<img width=\"400\" height=\"200\" src=\"https:\/\/mercura-industries.ch\/wp-content\/uploads\/2018\/07\/bg_cat.jpg\" class=\"attachment- size-\" alt=\"\" decoding=\"async\" loading=\"lazy\" srcset=\"https:\/\/mercura-industries.ch\/wp-content\/uploads\/2018\/07\/bg_cat.jpg 400w, https:\/\/mercura-industries.ch\/wp-content\/uploads\/2018\/07\/bg_cat-300x150.jpg 300w\" sizes=\"(max-width: 400px) 100vw, 400px\" \/>\t\t\t\t\t\t\t\t\t\t\t<\/div>\n\t\t\t<\/a>\t\t<\/div>\n\n\t\t<div class=\"box-text text-center\" >\n\t\t\t<div class=\"box-text-inner\">\n\t\t\t\t\n<h3><a href=\"https:\/\/mercura-industries.ch\/de\/lagerung-wartung-und-reinigung-loesungen\/\">F\u00fcr Lagerung, Wartung und Reinigung<\/a><\/h3>\n\t\t\t<\/div>\n\t\t<\/div>\n\t<\/div>\n\t\n\t\t<\/div>\n\t\t\t\t\t<\/div>\n\n\t\n\n\t<div id=\"col-698434321\" class=\"col medium-6 small-12 large-6\"  >\n\t\t\t\t<div class=\"col-inner\"  >\n\t\t\t\n\t\t\t\n\t<div class=\"box has-hover   has-hover box-bounce box-text-bottom\" >\n\n\t\t<div class=\"box-image\" >\n\t\t\t\t\t\t<div class=\"image-cover\" style=\"padding-top:17px;\">\n\t\t\t\t<img width=\"400\" height=\"200\" src=\"https:\/\/mercura-industries.ch\/wp-content\/uploads\/2018\/07\/bg_cat.jpg\" class=\"attachment- size-\" alt=\"\" decoding=\"async\" loading=\"lazy\" srcset=\"https:\/\/mercura-industries.ch\/wp-content\/uploads\/2018\/07\/bg_cat.jpg 400w, https:\/\/mercura-industries.ch\/wp-content\/uploads\/2018\/07\/bg_cat-300x150.jpg 300w\" sizes=\"(max-width: 400px) 100vw, 400px\" \/>\t\t\t\t\t\t\t\t\t\t\t<\/div>\n\t\t\t\t\t<\/div>\n\n\t\t<div class=\"box-text text-center\" >\n\t\t\t<div class=\"box-text-inner\">\n\t\t\t\t\n<h3><a href=\"https:\/\/mercura-industries.ch\/de\/loesungen-fuer-die-umkleideraeume\/\">F\u00fcr die Umkleider\u00e4ume<\/a><\/h3>\n\t\t\t<\/div>\n\t\t<\/div>\n\t<\/div>\n\t\n\t\t<\/div>\n\t\t\t\t\t<\/div>\n\n\t\n<\/div>\n<div class=\"row row-small align-equal align-center row-box-shadow-3 row-box-shadow-5-hover\" style=\"max-width:1200px\" id=\"row-1083967635\">\n\n\t<div id=\"col-804853730\" class=\"col medium-6 small-12 large-6\"  >\n\t\t\t\t<div class=\"col-inner\"  >\n\t\t\t\n\t\t\t\n\t<div class=\"box has-hover   has-hover box-bounce box-text-bottom\" >\n\n\t\t<div class=\"box-image\" >\n\t\t\t\t\t\t<div class=\"image-cover\" style=\"padding-top:17px;\">\n\t\t\t\t<img width=\"400\" height=\"200\" src=\"https:\/\/mercura-industries.ch\/wp-content\/uploads\/2018\/07\/bg_cat.jpg\" class=\"attachment- size-\" alt=\"\" decoding=\"async\" loading=\"lazy\" srcset=\"https:\/\/mercura-industries.ch\/wp-content\/uploads\/2018\/07\/bg_cat.jpg 400w, https:\/\/mercura-industries.ch\/wp-content\/uploads\/2018\/07\/bg_cat-300x150.jpg 300w\" sizes=\"(max-width: 400px) 100vw, 400px\" \/>\t\t\t\t\t\t\t\t\t\t\t<\/div>\n\t\t\t\t\t<\/div>\n\n\t\t<div class=\"box-text text-center\" >\n\t\t\t<div class=\"box-text-inner\">\n\t\t\t\t\n<h3><a href=\"https:\/\/mercura-industries.ch\/de\/special-covid\/\">Spezial COVID<\/a><\/h3>\n\t\t\t<\/div>\n\t\t<\/div>\n\t<\/div>\n\t\n\t\t<\/div>\n\t\t\t\t\t<\/div>\n\n\t\n<\/div>\n<div class=\"row\"  id=\"row-1950679046\">\n\n\t<div id=\"col-1780738166\" class=\"col medium-4 small-12 large-4\"  >\n\t\t\t\t<div class=\"col-inner\"  >\n\t\t\t\n\t\t\t\n\t\t<\/div>\n\t\t\t\t\t<\/div>\n\n\t\n\n\t<div id=\"col-368906137\" class=\"col medium-4 small-12 large-4\"  >\n\t\t\t\t<div class=\"col-inner\"  >\n\t\t\t\n\t\t\t\n\t\t<\/div>\n\t\t\t\t\t<\/div>\n\n\t\n\n\t<div id=\"col-1973204992\" class=\"col medium-4 small-12 large-4\"  >\n\t\t\t\t<div class=\"col-inner text-right\"  >\n\t\t\t\n\t\t\t\n\t\t<\/div>\n\t\t\t\t\t<\/div>\n\n\t\n<\/div>\n\t<div id=\"gap-2010255105\" class=\"gap-element clearfix\" style=\"display:block; height:auto;\">\n\t\t\n<style>\n#gap-2010255105 {\n  padding-top: 30px;\n}\n<\/style>\n\t<\/div>\n\t\n\t<section class=\"section has-parallax\" id=\"section_1430614403\">\n\t\t<div class=\"bg section-bg fill bg-fill  \" data-parallax-container=\".section\" data-parallax-background data-parallax=\"-5\">\n\n\t\t\t\n\t\t\t\n\t\t\t\n\n\t\t<\/div>\n\n\t\t\n\n\t\t<div class=\"section-content relative\">\n\t\t\t\n\t<div id=\"gap-1590175287\" class=\"gap-element clearfix\" style=\"display:block; height:auto;\">\n\t\t\n<style>\n#gap-1590175287 {\n  padding-top: 60px;\n}\n<\/style>\n\t<\/div>\n\t\n<div class=\"row row-small align-equal\"  id=\"row-1552202123\">\n\n\t<div id=\"col-905659141\" class=\"col medium-4 small-12 large-4\"  >\n\t\t\t\t<div class=\"col-inner box-shadow-2\" style=\"background-color:rgb(255,255,255);\" >\n\t\t\t\n\t\t\t\n<p><strong>MERCURA<sup>\u00ae<\/sup>\u00a0INDUSTRIES SUISSE S.A.<\/strong><br \/>\nChemin de Cuard 5<br \/>\nCH-2022 BEVAIX<\/p>\n<p><strong>T\u00e9l :<\/strong>\u00a0 +41(0)26 677 18 09<br \/>\n<strong>E-mail :<\/strong> info@mercura-industries.ch<\/p>\n\t\t<\/div>\n\t\t\t\t\n<style>\n#col-905659141 > .col-inner {\n  padding: 10px 10px 10px 10px;\n}\n<\/style>\n\t<\/div>\n\n\t\n\n\t<div id=\"col-1264787860\" class=\"col medium-8 small-12 large-8\"  >\n\t\t\t\t<div class=\"col-inner box-shadow-2\"  >\n\t\t\t\n\t\t\t\n\n\t<script type=\"text\/javascript\">\n  jQuery( document ).ready(function() {\n    function initialize() {\n        var styles = {\n            'flatsome':  [{\n            \"featureType\": \"administrative\",\n            \"stylers\": [\n              { \"visibility\": \"on\" }\n            ]\n          },\n          {\n            \"featureType\": \"road\",\n            \"stylers\": [\n              { \"visibility\": \"on\" },\n              { \"hue\": \"\" }\n            ]\n          },\n          {\n            \"stylers\": [\n\t\t\t  { \"visibility\": \"on\" },\n\t\t\t  { \"hue\": \"\" },\n\t\t\t  { \"saturation\": -100 }\n            ]\n          }\n        ]};\n\n        var myLatlng = new google.maps.LatLng(46.9328186, 6.8117196000001);\n        var myOptions = {\n            zoom: 17,\n            center: myLatlng,\n            mapTypeId: google.maps.MapTypeId.ROADMAP,\n            disableDefaultUI: true,\n            mapTypeId: 'flatsome',\n            draggable: true,\n            zoomControl: false,\n            zoomControlOptions: {\n              position: google.maps.ControlPosition.TOP_LEFT\n            },\n      \t\t\t\/\/ panControl: false,\n            \/\/ panControlOptions: {\n            \/\/   position: google.maps.ControlPosition.TOP_LEFT\n            \/\/ },\n      \t\t\tmapTypeControl: false,\n            mapTypeControlOptions: {\n              position: google.maps.ControlPosition.TOP_LEFT\n            },\n      \t\t\t\/\/ scaleControl: false,\n            \/\/ scaleControlOptions: {\n            \/\/   position: google.maps.ControlPosition.TOP_LEFT\n            \/\/ },\n      \t\t\tstreetViewControl: false,\n            streetViewControlOptions: {\n              position: google.maps.ControlPosition.TOP_LEFT\n            },\n      \t\t\t\/\/ overviewMapControl: false,\n            \/\/ overviewMapControlOptions: {\n            \/\/   position: google.maps.ControlPosition.TOP_LEFT\n            \/\/ },\n            scrollwheel: false,\n            disableDoubleClickZoom: true\n        }\n        var map = new google.maps.Map(document.getElementById(\"map-128544796-inner\"), myOptions);\n        var styledMapType = new google.maps.StyledMapType(styles['flatsome'], {name: 'flatsome'});\n        map.mapTypes.set('flatsome', styledMapType);\n\n        var marker = new google.maps.Marker({\n            position: myLatlng,\n            map: map,\n            title:\"\"\n        });\n    }\n\n    \/\/ Required to proceed\n    if (!(typeof google === 'object' && typeof google.maps === 'object')) {\n      return\n    }\n\n    initialize()\n    google.maps.event.addDomListener(window, 'resize', initialize);\n    });\n    <\/script>\n\n    <div class=\"google-map relative mb\" id=\"map-128544796\">\n        <div class=\"map-height\" id=\"map-128544796-inner\"><\/div>\n        <div id=\"map_overlay_top\"><\/div>\n        <div id=\"map_overlay_bottom\"><\/div>\n                  <div class=\"map_inner map-inner last-reset absolute x100 md-x95 lg-x95 y100 md-y95 lg-y95\">\n              \n<p><span style=\"font-size: 80%;\"><strong>MERCURA<sup>\u00ae<\/sup>\u00a0INDUSTRIES SUISSE S.A.<\/strong><\/span><br \/>\n<span style=\"font-size: 80%;\">Chemin de Cuard 5 <\/span><br \/>\n<span style=\"font-size: 80%;\">CH-2022 BEVAIX (NE)<\/span><\/p>\n         <\/div>\n       \n       \n<style>\n#map-128544796 .map-inner {\n  background-color: #fff;\n  max-width: 100%;\n}\n#map-128544796 .map-height {\n  height: 230px;\n}\n@media (min-width:550px) {\n  #map-128544796 .map-inner {\n    max-width: 40%;\n  }\n}\n@media (min-width:850px) {\n  #map-128544796 .map-inner {\n    max-width: 32%;\n  }\n}\n<\/style>\n    <\/div>\n\n\t\n\t\t<\/div>\n\t\t\t\t\t<\/div>\n\n\t\n<\/div>\n\t<div id=\"gap-818960357\" class=\"gap-element clearfix\" style=\"display:block; height:auto;\">\n\t\t\n<style>\n#gap-818960357 {\n  padding-top: 30px;\n}\n<\/style>\n\t<\/div>\n\t\n\t\t<\/div>\n\n\t\t\n<style>\n#section_1430614403 {\n  padding-top: 0px;\n  padding-bottom: 0px;\n}\n#section_1430614403 .section-bg.bg-loaded {\n  background-image: url(https:\/\/mercura-industries.ch\/wp-content\/uploads\/2018\/07\/bg.jpg);\n}\n#section_1430614403 .section-bg {\n  background-position: 51% 50%;\n}\n<\/style>\n\t<\/section>\n\t\n","protected":false},"excerpt":{"rendered":"","protected":false},"author":1,"featured_media":0,"parent":0,"menu_order":0,"comment_status":"closed","ping_status":"closed","template":"page-blank.php","meta":[],"_links":{"self":[{"href":"https:\/\/mercura-industries.ch\/de\/wp-json\/wp\/v2\/pages\/1805"}],"collection":[{"href":"https:\/\/mercura-industries.ch\/de\/wp-json\/wp\/v2\/pages"}],"about":[{"href":"https:\/\/mercura-industries.ch\/de\/wp-json\/wp\/v2\/types\/page"}],"author":[{"embeddable":true,"href":"https:\/\/mercura-industries.ch\/de\/wp-json\/wp\/v2\/users\/1"}],"replies":[{"embeddable":true,"href":"https:\/\/mercura-industries.ch\/de\/wp-json\/wp\/v2\/comments?post=1805"}],"version-history":[{"count":52,"href":"https:\/\/mercura-industries.ch\/de\/wp-json\/wp\/v2\/pages\/1805\/revisions"}],"predecessor-version":[{"id":5311,"href":"https:\/\/mercura-industries.ch\/de\/wp-json\/wp\/v2\/pages\/1805\/revisions\/5311"}],"wp:attachment":[{"href":"https:\/\/mercura-industries.ch\/de\/wp-json\/wp\/v2\/media?parent=1805"}],"curies":[{"name":"wp","href":"https:\/\/api.w.org\/{rel}","templated":true}]}}